{"id":114,"date":"2019-03-26T12:44:34","date_gmt":"2019-03-26T12:44:34","guid":{"rendered":"https:\/\/www.transformit.ch\/?page_id=114"},"modified":"2025-10-13T15:26:41","modified_gmt":"2025-10-13T13:26:41","slug":"dienstleistungen","status":"publish","type":"page","link":"https:\/\/www.transformit.ch\/fr\/dienstleistungen\/","title":{"rendered":"Prestations"},"content":{"rendered":"<hr class=\"wp-block-separator has-css-opacity\"\/>\n\n\n\n<div class=\"wp-block-columns is-layout-flex wp-container-core-columns-is-layout-9d6595d7 wp-block-columns-is-layout-flex\">\n<div class=\"wp-block-column is-layout-flow wp-block-column-is-layout-flow\" style=\"flex-basis:33.33%\">\n<h2 class=\"wp-block-heading\" id=\"is-e\">innosolvenergy<\/h2>\n<\/div>\n\n\n\n<div class=\"wp-block-column is-layout-flow wp-block-column-is-layout-flow\" style=\"flex-basis:66.66%\">\n<p>Au fil de nombreuses ann\u00e9es d'exp\u00e9rience, nos collaborateurs se sont sp\u00e9cialis\u00e9s dans leurs domaines et ont prouv\u00e9 leur savoir-faire dans de tr\u00e8s nombreux projets. Nous avons en outre \u00e9largi le produit standard avec des compl\u00e9ments utiles. V\u00e9rifiez les possibilit\u00e9s sous le point de menu trait-tools.<\/p>\n\n\n\n<p>Nous sommes le distributeur officiel du produit innosolvenergy. Plus de 3,43 millions de compteurs sont factur\u00e9s avec innosolvenergy dans toute la Suisse. Le produit est d\u00e9velopp\u00e9 par innosolv AG \u00e0 Saint-Gall.<\/p>\n<\/div>\n<\/div>\n\n\n\n<h4 class=\"wp-block-heading\">Que peut faire transformIT pour vous?<\/h4>\n\n\n\n<div class=\"wp-block-columns is-layout-flex wp-container-core-columns-is-layout-9d6595d7 wp-block-columns-is-layout-flex\">\n<div class=\"wp-block-column is-layout-flow wp-block-column-is-layout-flow\" style=\"flex-basis:33.33%\">\n<h4 class=\"wp-block-heading has-text-align-left\">Vous n'utilisez pas encore innosolvenergy<\/h4>\n<\/div>\n\n\n\n<div class=\"wp-block-column is-layout-flow wp-block-column-is-layout-flow\" style=\"flex-basis:66.66%\">\n<ul class=\"wp-block-list\">\n<li>Pr\u00e9sentation des produits, analyse de l'environnement actuel<\/li>\n\n\n\n<li>Direction de projet et mise en \u0153uvre de l'introduction<\/li>\n\n\n\n<li>Formation de vos collaborateurs<\/li>\n\n\n\n<li>Transfert professionnel de vos donn\u00e9es<\/li>\n\n\n\n<li>Accompagnement, suivi et conseil apr\u00e8s le d\u00e9marrage de la production<\/li>\n<\/ul>\n<\/div>\n<\/div>\n\n\n\n<div class=\"wp-block-columns is-layout-flex wp-container-core-columns-is-layout-9d6595d7 wp-block-columns-is-layout-flex\">\n<div class=\"wp-block-column is-layout-flow wp-block-column-is-layout-flow\" style=\"flex-basis:33.33%\">\n<h4 class=\"wp-block-heading has-text-align-left\">Vous utilisez d\u00e9j\u00e0 innosolvenergy<\/h4>\n<\/div>\n\n\n\n<div class=\"wp-block-column is-layout-flow wp-block-column-is-layout-flow\" style=\"flex-basis:66.66%\">\n<ul class=\"wp-block-list\">\n<li>Conseils pour une utilisation efficace d'innosolvenergy<\/li>\n\n\n\n<li>Correction et nettoyage des donn\u00e9es<\/li>\n\n\n\n<li>Adaptations des bases de donn\u00e9es et de la configuration&nbsp;<\/li>\n\n\n\n<li>D\u00e9veloppement d'extensions utiles au produit standard<\/li>\n<\/ul>\n<\/div>\n<\/div>\n\n\n\n<hr class=\"wp-block-separator has-css-opacity\"\/>\n\n\n\n<div class=\"wp-block-columns is-layout-flex wp-container-core-columns-is-layout-9d6595d7 wp-block-columns-is-layout-flex\">\n<div class=\"wp-block-column is-layout-flow wp-block-column-is-layout-flow\" style=\"flex-basis:33.33%\">\n<h2 class=\"wp-block-heading\" id=\"traittools\">trait-tools<\/h2>\n<\/div>\n\n\n\n<div class=\"wp-block-column is-layout-flow wp-block-column-is-layout-flow\" style=\"flex-basis:66.66%\">\n<p>En utilisant le logiciel standard innosolvenergy, vous disposez d'un \u00e9norme \u00e9ventail de fonctions. Cependant, pour diverses raisons, il est parfois n\u00e9cessaire de compl\u00e9ter les standards. transformIT a d\u00e9velopp\u00e9 en plus divers outils pour le logiciel standard. En voici un extrait:<\/p>\n<\/div>\n<\/div>\n\n\n\n<div class=\"wp-block-columns is-layout-flex wp-container-core-columns-is-layout-9d6595d7 wp-block-columns-is-layout-flex\">\n<div class=\"wp-block-column is-layout-flow wp-block-column-is-layout-flow\" style=\"flex-basis:33.33%\">\n<p><\/p>\n\n\n\n<figure class=\"wp-block-image size-full is-resized\"><img loading=\"lazy\" decoding=\"async\" width=\"771\" height=\"196\" src=\"https:\/\/www.transformit.ch\/wp-content\/uploads\/2019\/dienstleistungen\/Logo_SubjektSynchro_Hintergrundtransparent.png\" alt=\"\" class=\"wp-image-1360\" style=\"width:193px;height:49px\" srcset=\"https:\/\/www.transformit.ch\/wp-content\/uploads\/2019\/dienstleistungen\/Logo_SubjektSynchro_Hintergrundtransparent.png 771w, https:\/\/www.transformit.ch\/wp-content\/uploads\/2019\/dienstleistungen\/Logo_SubjektSynchro_Hintergrundtransparent-300x76.png 300w, https:\/\/www.transformit.ch\/wp-content\/uploads\/2019\/dienstleistungen\/Logo_SubjektSynchro_Hintergrundtransparent-768x195.png 768w\" sizes=\"auto, (max-width: 771px) 100vw, 771px\" \/><\/figure>\n<\/div>\n\n\n\n<div class=\"wp-block-column is-layout-flow wp-block-column-is-layout-flow\" style=\"flex-basis:66.66%\">\n<p><strong>trait Subjekt-Synchro<\/strong><\/p>\n\n\n\n<p>Nettoyage des doublons de sujets sur l'ensemble des donn\u00e9es dans innosolvenergy. trait Subjekt-Synchro cr\u00e9e une liste de propositions avec les d\u00e9tails des doublons de sujets. Un clic suppl\u00e9mentaire permet d'afficher les utilisations du sujet dans tous les syst\u00e8mes et de fusionner les sujets si n\u00e9cessaire.<\/p>\n<\/div>\n<\/div>\n\n\n\n<div class=\"wp-block-columns is-layout-flex wp-container-core-columns-is-layout-9d6595d7 wp-block-columns-is-layout-flex\">\n<div class=\"wp-block-column is-layout-flow wp-block-column-is-layout-flow\" style=\"flex-basis:33.33%\">\n<p><\/p>\n\n\n\n<figure class=\"wp-block-image size-full is-resized\"><img loading=\"lazy\" decoding=\"async\" width=\"771\" height=\"196\" src=\"https:\/\/www.transformit.ch\/wp-content\/uploads\/2019\/dienstleistungen\/Logo_Systemabgleich_Hintergrundtransparent.png\" alt=\"\" class=\"wp-image-1369\" style=\"width:193px;height:49px\" srcset=\"https:\/\/www.transformit.ch\/wp-content\/uploads\/2019\/dienstleistungen\/Logo_Systemabgleich_Hintergrundtransparent.png 771w, https:\/\/www.transformit.ch\/wp-content\/uploads\/2019\/dienstleistungen\/Logo_Systemabgleich_Hintergrundtransparent-300x76.png 300w, https:\/\/www.transformit.ch\/wp-content\/uploads\/2019\/dienstleistungen\/Logo_Systemabgleich_Hintergrundtransparent-768x195.png 768w\" sizes=\"auto, (max-width: 771px) 100vw, 771px\" \/><\/figure>\n<\/div>\n\n\n\n<div class=\"wp-block-column is-layout-flow wp-block-column-is-layout-flow\" style=\"flex-basis:66.66%\">\n<p><strong>trait Systemabgleich<\/strong><\/p>\n\n\n\n<p>Mise \u00e0 jour des syst\u00e8mes de test \u00e0 partir de la production. De nombreux clients utilisent des syst\u00e8mes de test qui doivent \u00eatre r\u00e9guli\u00e8rement \u00e9cras\u00e9s par les donn\u00e9es actuelles de production. trait Systemabgleich met \u00e0 disposition ce processus complexe par simple pression d'un bouton, gr\u00e2ce \u00e0 une interface simple.<\/p>\n<\/div>\n<\/div>\n\n\n\n<hr class=\"wp-block-separator has-css-opacity\"\/>\n\n\n\n<div class=\"wp-block-columns is-layout-flex wp-container-core-columns-is-layout-9d6595d7 wp-block-columns-is-layout-flex\">\n<div class=\"wp-block-column is-layout-flow wp-block-column-is-layout-flow\" style=\"flex-basis:33.33%\">\n<h2 class=\"wp-block-heading\" id=\"migration\">Migration<\/h2>\n<\/div>\n\n\n\n<div class=\"wp-block-column is-layout-flow wp-block-column-is-layout-flow\" style=\"flex-basis:66.66%\">\n<p>Les collaborateurs de transformIT se sont sp\u00e9cialis\u00e9s dans le th\u00e8me de la reprise de donn\u00e9es pour les villes, les communes et les entreprises d'approvisionnement en \u00e9nergie dans le cadre de plus de 400 projets.<\/p>\n<\/div>\n<\/div>\n\n\n\n<div class=\"wp-block-columns is-layout-flex wp-container-core-columns-is-layout-9d6595d7 wp-block-columns-is-layout-flex\">\n<div class=\"wp-block-column is-layout-flow wp-block-column-is-layout-flow\" style=\"flex-basis:33.33%\">\n<h4 class=\"wp-block-heading\">Transfert de donn\u00e9es<\/h4>\n<\/div>\n\n\n\n<div class=\"wp-block-column is-layout-flow wp-block-column-is-layout-flow\" style=\"flex-basis:66.66%\">\n<ul class=\"wp-block-list\">\n<li>Analyse des donn\u00e9es existantes, conseil en mati\u00e8re de nettoyage des donn\u00e9es.<\/li>\n\n\n\n<li>Conversion de presque tous les syst\u00e8mes d'origine et de destination<\/li>\n\n\n\n<li>Nettoyage des donn\u00e9es \u00e0 l'aide d'outils sophistiqu\u00e9s<\/li>\n<\/ul>\n<\/div>\n<\/div>\n\n\n\n<div class=\"wp-block-columns is-layout-flex wp-container-core-columns-is-layout-9d6595d7 wp-block-columns-is-layout-flex\">\n<div class=\"wp-block-column is-layout-flow wp-block-column-is-layout-flow\" style=\"flex-basis:33.33%\">\n<h4 class=\"wp-block-heading\">Fusions de donn\u00e9es innosolvcity et innosolvenergy<\/h4>\n<\/div>\n\n\n\n<div class=\"wp-block-column is-layout-flow wp-block-column-is-layout-flow\" style=\"flex-basis:66.66%\">\n<ul class=\"wp-block-list\">\n<li>Analyse des donn\u00e9es existantes, conseil en mati\u00e8re de nettoyage des donn\u00e9es.<\/li>\n\n\n\n<li>Regroupement des donn\u00e9es sans perte de donn\u00e9es (y compris l'historique et les donn\u00e9es de facturation)<\/li>\n\n\n\n<li>Nettoyage des donn\u00e9es \u00e0 l'aide d'outils sophistiqu\u00e9s<\/li>\n<\/ul>\n<\/div>\n<\/div>\n\n\n\n<hr class=\"wp-block-separator has-css-opacity\"\/>\n\n\n\n<div class=\"wp-block-columns is-layout-flex wp-container-core-columns-is-layout-9d6595d7 wp-block-columns-is-layout-flex\">\n<div class=\"wp-block-column is-layout-flow wp-block-column-is-layout-flow\" style=\"flex-basis:33.33%\">\n<h2 class=\"wp-block-heading\" id=\"entwicklung\">D\u00e9veloppement<\/h2>\n\n\n\n<p class=\"has-text-align-left\"><\/p>\n<\/div>\n\n\n\n<div class=\"wp-block-column is-layout-flow wp-block-column-is-layout-flow\" style=\"flex-basis:66.66%\">\n<p>L'utilisation de logiciels standard est presque toujours la bonne d\u00e9cision. Dans certains cas, il est toutefois n\u00e9cessaire de d\u00e9velopper des logiciels individuels ou de compl\u00e9ter les logiciels standard par des d\u00e9veloppements judicieux:<\/p>\n<\/div>\n<\/div>\n\n\n\n<div class=\"wp-block-columns is-layout-flex wp-container-core-columns-is-layout-9d6595d7 wp-block-columns-is-layout-flex\">\n<div class=\"wp-block-column is-layout-flow wp-block-column-is-layout-flow\" style=\"flex-basis:33.33%\">\n<h4 class=\"wp-block-heading\">Nos sp\u00e9cialistes vous soutiennent<\/h4>\n<\/div>\n\n\n\n<div class=\"wp-block-column is-layout-flow wp-block-column-is-layout-flow\" style=\"flex-basis:66.66%\">\n<ul id=\"block-11f9a875-b4f7-4435-9aa8-a1268fa48c7a\" class=\"wp-block-list\">\n<li>d\u00e9veloppements individuels d'applications<\/li>\n\n\n\n<li>outils d'extension pour le logiciel standard innosolvenergy<\/li>\n\n\n\n<li>outils li\u00e9s \u00e0 MS-Office<\/li>\n<\/ul>\n\n\n\n<p>Gr\u00e2ce \u00e0 notre plateforme de d\u00e9veloppement moderne (.NET) et \u00e0 notre longue exp\u00e9rience en mati\u00e8re de projets, nous vous garantissons le succ\u00e8s.<\/p>\n<\/div>\n<\/div>\n\n\n\n<hr class=\"wp-block-separator has-css-opacity\"\/>","protected":false},"excerpt":{"rendered":"<p>innosolvenergy In langj\u00e4hriger Erfahrung haben sich unsere Mitarbeiter in ihren Bereichen spezialisiert und in sehr vielen Projekten ihr K\u00f6nnen unter Beweis gestellt.&nbsp;Weiter haben wir das Standardprodukt mit sinnvollen Erg\u00e4nzungen erweitert. Pr\u00fcfen Sie die M\u00f6glichkeiten unter Men\u00fcpunkt trait-tools. Wir sind offizieller Vertriebspartner f\u00fcr das Produkt innosolvenergy. \u00dcber 3.43 Millionen Z\u00e4hler werden mit innosolvenergy in der ganzen&hellip; <br \/> <a class=\"read-more\" href=\"https:\/\/www.transformit.ch\/fr\/dienstleistungen\/\">Lire la suite<\/a><\/p>","protected":false},"author":2,"featured_media":0,"parent":0,"menu_order":0,"comment_status":"closed","ping_status":"closed","template":"","meta":{"footnotes":""},"class_list":["post-114","page","type-page","status-publish","hentry"],"yoast_head":"<!-- This site is optimized with the Yoast SEO plugin v27.3 - https:\/\/yoast.com\/product\/yoast-seo-wordpress\/ -->\n<title>Dienstleistungen - transformIT AG<\/title>\n<meta name=\"robots\" content=\"index, follow, max-snippet:-1, max-image-preview:large, max-video-preview:-1\" \/>\n<link rel=\"canonical\" href=\"https:\/\/www.transformit.ch\/fr\/dienstleistungen\/\" \/>\n<meta property=\"og:locale\" content=\"fr_FR\" \/>\n<meta property=\"og:type\" content=\"article\" \/>\n<meta property=\"og:title\" content=\"Dienstleistungen - transformIT AG\" \/>\n<meta property=\"og:description\" content=\"innosolvenergy In langj\u00e4hriger Erfahrung haben sich unsere Mitarbeiter in ihren Bereichen spezialisiert und in sehr vielen Projekten ihr K\u00f6nnen unter Beweis gestellt.&nbsp;Weiter haben wir das Standardprodukt mit sinnvollen Erg\u00e4nzungen erweitert. Pr\u00fcfen Sie die M\u00f6glichkeiten unter Men\u00fcpunkt trait-tools. Wir sind offizieller Vertriebspartner f\u00fcr das Produkt innosolvenergy. \u00dcber 3.43 Millionen Z\u00e4hler werden mit innosolvenergy in der ganzen&hellip; Lire la suite\" \/>\n<meta property=\"og:url\" content=\"https:\/\/www.transformit.ch\/fr\/dienstleistungen\/\" \/>\n<meta property=\"og:site_name\" content=\"transformIT AG\" \/>\n<meta property=\"article:modified_time\" content=\"2025-10-13T13:26:41+00:00\" \/>\n<meta property=\"og:image\" content=\"https:\/\/www.transformit.ch\/wp-content\/uploads\/2019\/dienstleistungen\/Logo_SubjektSynchro_Hintergrundtransparent.png\" \/>\n\t<meta property=\"og:image:width\" content=\"771\" \/>\n\t<meta property=\"og:image:height\" content=\"196\" \/>\n\t<meta property=\"og:image:type\" content=\"image\/png\" \/>\n<meta name=\"twitter:card\" content=\"summary_large_image\" \/>\n<meta name=\"twitter:label1\" content=\"Dur\u00e9e de lecture estim\u00e9e\" \/>\n\t<meta name=\"twitter:data1\" content=\"2 minutes\" \/>\n<script type=\"application\/ld+json\" class=\"yoast-schema-graph\">{\"@context\":\"https:\\\/\\\/schema.org\",\"@graph\":[{\"@type\":\"WebPage\",\"@id\":\"https:\\\/\\\/www.transformit.ch\\\/dienstleistungen\\\/\",\"url\":\"https:\\\/\\\/www.transformit.ch\\\/dienstleistungen\\\/\",\"name\":\"Dienstleistungen - transformIT AG\",\"isPartOf\":{\"@id\":\"https:\\\/\\\/www.transformit.ch\\\/#website\"},\"primaryImageOfPage\":{\"@id\":\"https:\\\/\\\/www.transformit.ch\\\/dienstleistungen\\\/#primaryimage\"},\"image\":{\"@id\":\"https:\\\/\\\/www.transformit.ch\\\/dienstleistungen\\\/#primaryimage\"},\"thumbnailUrl\":\"https:\\\/\\\/www.transformit.ch\\\/wp-content\\\/uploads\\\/2019\\\/dienstleistungen\\\/Logo_SubjektSynchro_Hintergrundtransparent.png\",\"datePublished\":\"2019-03-26T12:44:34+00:00\",\"dateModified\":\"2025-10-13T13:26:41+00:00\",\"breadcrumb\":{\"@id\":\"https:\\\/\\\/www.transformit.ch\\\/dienstleistungen\\\/#breadcrumb\"},\"inLanguage\":\"fr-FR\",\"potentialAction\":[{\"@type\":\"ReadAction\",\"target\":[\"https:\\\/\\\/www.transformit.ch\\\/dienstleistungen\\\/\"]}]},{\"@type\":\"ImageObject\",\"inLanguage\":\"fr-FR\",\"@id\":\"https:\\\/\\\/www.transformit.ch\\\/dienstleistungen\\\/#primaryimage\",\"url\":\"https:\\\/\\\/www.transformit.ch\\\/wp-content\\\/uploads\\\/2019\\\/dienstleistungen\\\/Logo_SubjektSynchro_Hintergrundtransparent.png\",\"contentUrl\":\"https:\\\/\\\/www.transformit.ch\\\/wp-content\\\/uploads\\\/2019\\\/dienstleistungen\\\/Logo_SubjektSynchro_Hintergrundtransparent.png\"},{\"@type\":\"BreadcrumbList\",\"@id\":\"https:\\\/\\\/www.transformit.ch\\\/dienstleistungen\\\/#breadcrumb\",\"itemListElement\":[{\"@type\":\"ListItem\",\"position\":1,\"name\":\"Home\",\"item\":\"https:\\\/\\\/www.transformit.ch\\\/\"},{\"@type\":\"ListItem\",\"position\":2,\"name\":\"Dienstleistungen\"}]},{\"@type\":\"WebSite\",\"@id\":\"https:\\\/\\\/www.transformit.ch\\\/#website\",\"url\":\"https:\\\/\\\/www.transformit.ch\\\/\",\"name\":\"transformIT AG\",\"description\":\"innosolvenergy: CRM, Metering und Billing f\u00fcr Energieversorger\",\"publisher\":{\"@id\":\"https:\\\/\\\/www.transformit.ch\\\/#organization\"},\"potentialAction\":[{\"@type\":\"SearchAction\",\"target\":{\"@type\":\"EntryPoint\",\"urlTemplate\":\"https:\\\/\\\/www.transformit.ch\\\/?s={search_term_string}\"},\"query-input\":{\"@type\":\"PropertyValueSpecification\",\"valueRequired\":true,\"valueName\":\"search_term_string\"}}],\"inLanguage\":\"fr-FR\"},{\"@type\":\"Organization\",\"@id\":\"https:\\\/\\\/www.transformit.ch\\\/#organization\",\"name\":\"transformIT AG\",\"url\":\"https:\\\/\\\/www.transformit.ch\\\/\",\"logo\":{\"@type\":\"ImageObject\",\"inLanguage\":\"fr-FR\",\"@id\":\"https:\\\/\\\/www.transformit.ch\\\/#\\\/schema\\\/logo\\\/image\\\/\",\"url\":\"https:\\\/\\\/i1.wp.com\\\/www.transformit.ch\\\/wp-content\\\/uploads\\\/2019\\\/transformIT_Icon_512.png?fit=516%2C516&ssl=1\",\"contentUrl\":\"https:\\\/\\\/i1.wp.com\\\/www.transformit.ch\\\/wp-content\\\/uploads\\\/2019\\\/transformIT_Icon_512.png?fit=516%2C516&ssl=1\",\"width\":516,\"height\":516,\"caption\":\"transformIT AG\"},\"image\":{\"@id\":\"https:\\\/\\\/www.transformit.ch\\\/#\\\/schema\\\/logo\\\/image\\\/\"}}]}<\/script>\n<!-- \/ Yoast SEO plugin. -->","yoast_head_json":{"title":"Dienstleistungen - transformIT AG","robots":{"index":"index","follow":"follow","max-snippet":"max-snippet:-1","max-image-preview":"max-image-preview:large","max-video-preview":"max-video-preview:-1"},"canonical":"https:\/\/www.transformit.ch\/fr\/dienstleistungen\/","og_locale":"fr_FR","og_type":"article","og_title":"Dienstleistungen - transformIT AG","og_description":"innosolvenergy In langj\u00e4hriger Erfahrung haben sich unsere Mitarbeiter in ihren Bereichen spezialisiert und in sehr vielen Projekten ihr K\u00f6nnen unter Beweis gestellt.&nbsp;Weiter haben wir das Standardprodukt mit sinnvollen Erg\u00e4nzungen erweitert. Pr\u00fcfen Sie die M\u00f6glichkeiten unter Men\u00fcpunkt trait-tools. Wir sind offizieller Vertriebspartner f\u00fcr das Produkt innosolvenergy. \u00dcber 3.43 Millionen Z\u00e4hler werden mit innosolvenergy in der ganzen&hellip; Lire la suite","og_url":"https:\/\/www.transformit.ch\/fr\/dienstleistungen\/","og_site_name":"transformIT AG","article_modified_time":"2025-10-13T13:26:41+00:00","og_image":[{"width":771,"height":196,"url":"https:\/\/www.transformit.ch\/wp-content\/uploads\/2019\/dienstleistungen\/Logo_SubjektSynchro_Hintergrundtransparent.png","type":"image\/png"}],"twitter_card":"summary_large_image","twitter_misc":{"Dur\u00e9e de lecture estim\u00e9e":"2 minutes"},"schema":{"@context":"https:\/\/schema.org","@graph":[{"@type":"WebPage","@id":"https:\/\/www.transformit.ch\/dienstleistungen\/","url":"https:\/\/www.transformit.ch\/dienstleistungen\/","name":"Dienstleistungen - transformIT AG","isPartOf":{"@id":"https:\/\/www.transformit.ch\/#website"},"primaryImageOfPage":{"@id":"https:\/\/www.transformit.ch\/dienstleistungen\/#primaryimage"},"image":{"@id":"https:\/\/www.transformit.ch\/dienstleistungen\/#primaryimage"},"thumbnailUrl":"https:\/\/www.transformit.ch\/wp-content\/uploads\/2019\/dienstleistungen\/Logo_SubjektSynchro_Hintergrundtransparent.png","datePublished":"2019-03-26T12:44:34+00:00","dateModified":"2025-10-13T13:26:41+00:00","breadcrumb":{"@id":"https:\/\/www.transformit.ch\/dienstleistungen\/#breadcrumb"},"inLanguage":"fr-FR","potentialAction":[{"@type":"ReadAction","target":["https:\/\/www.transformit.ch\/dienstleistungen\/"]}]},{"@type":"ImageObject","inLanguage":"fr-FR","@id":"https:\/\/www.transformit.ch\/dienstleistungen\/#primaryimage","url":"https:\/\/www.transformit.ch\/wp-content\/uploads\/2019\/dienstleistungen\/Logo_SubjektSynchro_Hintergrundtransparent.png","contentUrl":"https:\/\/www.transformit.ch\/wp-content\/uploads\/2019\/dienstleistungen\/Logo_SubjektSynchro_Hintergrundtransparent.png"},{"@type":"BreadcrumbList","@id":"https:\/\/www.transformit.ch\/dienstleistungen\/#breadcrumb","itemListElement":[{"@type":"ListItem","position":1,"name":"Home","item":"https:\/\/www.transformit.ch\/"},{"@type":"ListItem","position":2,"name":"Dienstleistungen"}]},{"@type":"WebSite","@id":"https:\/\/www.transformit.ch\/#website","url":"https:\/\/www.transformit.ch\/","name":"transformIT AG","description":"innosolvenergy: CRM, metering et facturation pour les fournisseurs d'\u00e9nergie","publisher":{"@id":"https:\/\/www.transformit.ch\/#organization"},"potentialAction":[{"@type":"SearchAction","target":{"@type":"EntryPoint","urlTemplate":"https:\/\/www.transformit.ch\/?s={search_term_string}"},"query-input":{"@type":"PropertyValueSpecification","valueRequired":true,"valueName":"search_term_string"}}],"inLanguage":"fr-FR"},{"@type":"Organization","@id":"https:\/\/www.transformit.ch\/#organization","name":"transformIT AG","url":"https:\/\/www.transformit.ch\/","logo":{"@type":"ImageObject","inLanguage":"fr-FR","@id":"https:\/\/www.transformit.ch\/#\/schema\/logo\/image\/","url":"https:\/\/i1.wp.com\/www.transformit.ch\/wp-content\/uploads\/2019\/transformIT_Icon_512.png?fit=516%2C516&ssl=1","contentUrl":"https:\/\/i1.wp.com\/www.transformit.ch\/wp-content\/uploads\/2019\/transformIT_Icon_512.png?fit=516%2C516&ssl=1","width":516,"height":516,"caption":"transformIT AG"},"image":{"@id":"https:\/\/www.transformit.ch\/#\/schema\/logo\/image\/"}}]}},"_links":{"self":[{"href":"https:\/\/www.transformit.ch\/fr\/wp-json\/wp\/v2\/pages\/114","targetHints":{"allow":["GET"]}}],"collection":[{"href":"https:\/\/www.transformit.ch\/fr\/wp-json\/wp\/v2\/pages"}],"about":[{"href":"https:\/\/www.transformit.ch\/fr\/wp-json\/wp\/v2\/types\/page"}],"author":[{"embeddable":true,"href":"https:\/\/www.transformit.ch\/fr\/wp-json\/wp\/v2\/users\/2"}],"replies":[{"embeddable":true,"href":"https:\/\/www.transformit.ch\/fr\/wp-json\/wp\/v2\/comments?post=114"}],"version-history":[{"count":76,"href":"https:\/\/www.transformit.ch\/fr\/wp-json\/wp\/v2\/pages\/114\/revisions"}],"predecessor-version":[{"id":3461,"href":"https:\/\/www.transformit.ch\/fr\/wp-json\/wp\/v2\/pages\/114\/revisions\/3461"}],"wp:attachment":[{"href":"https:\/\/www.transformit.ch\/fr\/wp-json\/wp\/v2\/media?parent=114"}],"curies":[{"name":"wp","href":"https:\/\/api.w.org\/{rel}","templated":true}]}}