{"id":1302,"date":"2019-07-04T16:20:58","date_gmt":"2019-07-04T14:20:58","guid":{"rendered":"https:\/\/www.transformit.ch\/?page_id=1302"},"modified":"2026-02-18T16:15:56","modified_gmt":"2026-02-18T15:15:56","slug":"unternehmen","status":"publish","type":"page","link":"https:\/\/www.transformit.ch\/fr\/unternehmen\/","title":{"rendered":"Entreprise"},"content":{"rendered":"<hr \/>\n<h3><span style=\"color: #000000; font-family: helvetica,arial,sans-serif;\"><strong>Qui sommes-nous?<a id=\"wersindwir\"><\/a><\/strong><\/span><\/h3>\n<p><span style=\"font-family: helvetica,arial,sans-serif;\">transformIT est une entreprise ind\u00e9pendante, fond\u00e9e en 2007 et bas\u00e9e \u00e0 Tuttwil. Nous sommes actifs dans le domaine des services informatiques et nous sommes sp\u00e9cialis\u00e9s dans les besoins des entreprises d'approvisionnement en \u00e9nergie.<\/span><\/p>\n<p><span style=\"color: #000000; font-family: helvetica,arial,sans-serif;\">En tant que distributeur officiel de la solution innosolvenergy, nous encadrons depuis des ann\u00e9es plus de 170 fournisseurs d'\u00e9nergie avec environ 1,5 million d'appareils de mesure. <\/span><span style=\"color: #000000; font-family: helvetica,arial,sans-serif;\">Dans le cadre de plus de 400 projets, nous nous sommes par ailleurs sp\u00e9cialis\u00e9s dans le transfert de donn\u00e9es.<\/span><\/p>\n<h4><span style=\"color: #000000; font-family: helvetica,arial,sans-serif;\">Pourquoi transformIT?<\/span><\/h4>\n<p><span style=\"color: #000000;\"><span style=\"font-family: helvetica,arial,sans-serif;\">En tant qu'interface humaine, nous nous situons entre l'utilisateur du logiciel et la solution. Nous identifions et comprenons vos exigences et les transposons dans le logiciel. Nous sommes un transformateur informatique.<\/span><\/span><\/p>\n<p><span style=\"color: #000000; font-family: helvetica,arial,sans-serif;\">Nous sommes votre partenaire pour innosolvenergy : CRM, metering, facturation et s\u00e9ries chronologiques (EDM\/MDM) pour les fournisseurs d'\u00e9nergie. Outre les introductions de projets et les formations, nos sp\u00e9cialistes vous soutiennent \u00e9galement lors des reprises, conversions et migrations de donn\u00e9es de toutes sortes. Nous vous soutenons \u00e9galement dans votre travail quotidien via la hotline ou l'assistance directe de votre conseiller personnel.<\/span><\/p>\n<hr \/>\n<h3><span style=\"color: #000000; font-family: helvetica,arial,sans-serif;\"><strong><a id=\"team\" style=\"color: #000000;\"><\/a>L'\u00e9quipe<\/strong><\/span><\/h3>\n<p><span style=\"color: #000000;\"><span style=\"font-family: helvetica,arial,sans-serif;\">Notre plus grand capital, ce sont nos collaborateurs motiv\u00e9s et exp\u00e9riment\u00e9s. Nous exigeons d'eux un engagement sup\u00e9rieur \u00e0 la moyenne, de grandes connaissances techniques et un esprit d'\u00e9quipe. Ils se distinguent par leur longue et fructueuse exp\u00e9rience dans le conseil et l'introduction de solutions logicielles globales pour les entreprises d'approvisionnement en \u00e9nergie, ainsi que dans la reprise de donn\u00e9es pour les villes, les communes et les entreprises d'approvisionnement en \u00e9nergie. La formation et la formation continue sont tr\u00e8s importantes pour nous et sont encourag\u00e9es \u00e0 tous les niveaux .<\/span>.<\/span><\/p>\n<h4>\u00a0<\/h4>\n<hr \/>\n<h3><span style=\"color: #000000; font-family: helvetica,arial,sans-serif;\"><strong><a id=\"partner\" style=\"color: #000000;\"><\/a>Partenaires<\/strong><\/span><\/h3>\n<p><span style=\"color: #000000; font-family: helvetica,arial,sans-serif;\">En collaboration avec nos partenaires ERP et logiciels, nous cr\u00e9ons des solutions pratiques et orient\u00e9es vers l'avenir. Gr\u00e2ce \u00e0 ce solide r\u00e9seau de partenaires, nous sommes en mesure de proposer un savoir-faire largement concentr\u00e9 afin de pouvoir encadrer nos clients de mani\u00e8re individuelle. innosolvenergy peut \u00eatre exploit\u00e9 avec diff\u00e9rents ERP. Nous nous concentrons sur notre comp\u00e9tence principale avec innosolvenergy. Nous travaillons avec les partenaires suivants:<\/span><\/p>\n<h4><span style=\"color: #000000;\"><strong>\u00a0<\/strong><\/span><\/h4>\n<table style=\"width: 100%; border-style: solid;\">\n<tbody>\n<tr>\n<td style=\"border-style: solid; border-color: #000000; width: 19.95%; text-align: center; vertical-align: middle;\">\n<h4><span style=\"color: #000000;\">Partenaires logiciels<\/span><\/h4>\n<\/td>\n<td style=\"border-style: solid; border-color: #000000; width: 61.26%; text-align: center; vertical-align: middle;\">\n<h4 style=\"text-align: center;\"><span style=\"color: #000000;\">Partenaires ERP<\/span><\/h4>\n<\/td>\n<td style=\"border-style: solid; border-color: #000000; width: 18.61%; text-align: center; vertical-align: middle;\">\n<h4><span style=\"color: #000000;\">Syst\u00e8mes p\u00e9riph\u00e9riques<\/span><\/h4>\n<\/td>\n<\/tr>\n<\/tbody>\n<\/table>\n<table style=\"width: 100%; border-style: solid;\">\n<tbody>\n<tr>\n<td style=\"border-style: solid; border-color: #000000; width: 20%; text-align: center;\"><img loading=\"lazy\" decoding=\"async\" class=\"alignnone size-full wp-image-2379\" src=\"https:\/\/www.transformit.ch\/wp-content\/uploads\/2019\/mesmerize\/ise-pos.png\" alt=\"\" width=\"2410\" height=\"736\" srcset=\"https:\/\/www.transformit.ch\/wp-content\/uploads\/2019\/mesmerize\/ise-pos.png 2410w, https:\/\/www.transformit.ch\/wp-content\/uploads\/2019\/mesmerize\/ise-pos-300x92.png 300w, https:\/\/www.transformit.ch\/wp-content\/uploads\/2019\/mesmerize\/ise-pos-1024x313.png 1024w, https:\/\/www.transformit.ch\/wp-content\/uploads\/2019\/mesmerize\/ise-pos-768x235.png 768w, https:\/\/www.transformit.ch\/wp-content\/uploads\/2019\/mesmerize\/ise-pos-1536x469.png 1536w, https:\/\/www.transformit.ch\/wp-content\/uploads\/2019\/mesmerize\/ise-pos-2048x625.png 2048w, https:\/\/www.transformit.ch\/wp-content\/uploads\/2019\/mesmerize\/ise-pos-1920x586.png 1920w\" sizes=\"auto, (max-width: 2410px) 100vw, 2410px\" \/><br \/><u><\/u><\/td>\n<td style=\"border-style: solid; border-color: #000000; width: 20.2%; text-align: center; vertical-align: middle;\"><a href=\"http:\/\/www.abacus.ch\" target=\"_blank\" rel=\"noopener noreferrer\"><img loading=\"lazy\" decoding=\"async\" class=\"wp-image-1690 aligncenter\" src=\"https:\/\/www.transformit.ch\/wp-content\/uploads\/2019\/unternehmen\/abacus.png\" alt=\"\" width=\"164\" height=\"37\" \/><\/a><\/td>\n<td style=\"border-style: solid; border-color: #000000; width: 20.94%; text-align: center; vertical-align: middle;\">\n<h5 style=\"text-align: center;\"><span style=\"color: #000000;\"><img loading=\"lazy\" decoding=\"async\" class=\"wp-image-898 aligncenter\" src=\"https:\/\/www.transformit.ch\/wp-content\/uploads\/2019\/partner\/msnav.gif\" alt=\"\" width=\"204\" height=\"39\" \/><\/span><\/h5>\n<\/td>\n<td style=\"border-style: solid; border-color: #000000; width: 20.2%; text-align: center; vertical-align: middle;\"><img loading=\"lazy\" decoding=\"async\" class=\"alignnone wp-image-900 aligncenter\" src=\"https:\/\/www.transformit.ch\/wp-content\/uploads\/2019\/partner\/sap.gif\" alt=\"\" width=\"75\" height=\"37\" \/><\/td>\n<td style=\"border-style: solid; border-color: #000000; width: 18.64%;\">\u00a0<\/td>\n<\/tr>\n<\/tbody>\n<\/table>\n<table class=\"partner-table\" style=\"height: 714px; width: 100%;\">\n<tbody>\n<tr>\n<td style=\"border-style: solid; border-color: #000000; width: 20%; height: 155px; text-align: center; vertical-align: middle;\"><a href=\"https:\/\/www.innosolv.ch\/\" target=\"_blank\" rel=\"noopener\"><img loading=\"lazy\" decoding=\"async\" class=\"alignnone wp-image-2382\" src=\"https:\/\/www.transformit.ch\/wp-content\/uploads\/2019\/unternehmen\/isag_claim-pos-e1614930355983.png\" alt=\"\" width=\"210\" height=\"92\" srcset=\"https:\/\/www.transformit.ch\/wp-content\/uploads\/2019\/unternehmen\/isag_claim-pos-e1614930355983.png 1233w, https:\/\/www.transformit.ch\/wp-content\/uploads\/2019\/unternehmen\/isag_claim-pos-e1614930355983-300x132.png 300w, https:\/\/www.transformit.ch\/wp-content\/uploads\/2019\/unternehmen\/isag_claim-pos-e1614930355983-1024x449.png 1024w, https:\/\/www.transformit.ch\/wp-content\/uploads\/2019\/unternehmen\/isag_claim-pos-e1614930355983-768x337.png 768w\" sizes=\"auto, (max-width: 210px) 100vw, 210px\" \/><\/a><\/td>\n<td style=\"border-style: solid; border-color: #000000; width: 20.2%; height: 155px; text-align: center; vertical-align: middle;\"><a style=\"color: #000000;\" href=\"http:\/\/www.axept.ch\/\" target=\"_blank\" rel=\"noopener noreferrer\"><img loading=\"lazy\" decoding=\"async\" class=\"alignnone wp-image-923 aligncenter\" src=\"https:\/\/www.transformit.ch\/wp-content\/uploads\/2019\/partner\/axept.jpg\" alt=\"\" width=\"155\" height=\"85\" \/><\/a><\/td>\n<td style=\"border-style: solid; border-color: #000000; width: 20.94%; height: 155px; text-align: center; vertical-align: middle;\"><a style=\"color: #000000;\" href=\"http:\/\/www.bossinfo.ch\/\" target=\"_blank\" rel=\"noopener noreferrer\"><img loading=\"lazy\" decoding=\"async\" class=\"wp-image-925 aligncenter\" src=\"https:\/\/www.transformit.ch\/wp-content\/uploads\/2019\/partner\/logo-300x104.png\" alt=\"\" width=\"171\" height=\"59\" srcset=\"https:\/\/www.transformit.ch\/wp-content\/uploads\/2019\/partner\/logo-300x104.png 300w, https:\/\/www.transformit.ch\/wp-content\/uploads\/2019\/partner\/logo.png 304w\" sizes=\"auto, (max-width: 171px) 100vw, 171px\" \/><\/a><\/td>\n<td style=\"border-style: solid; border-color: #000000; width: 20.2%; height: 155px; text-align: center; vertical-align: middle;\"><a href=\"http:\/\/www.processpartner.ch\" target=\"_blank\" rel=\"noopener noreferrer\"><img loading=\"lazy\" decoding=\"async\" class=\"wp-image-1700 aligncenter\" src=\"https:\/\/www.transformit.ch\/wp-content\/uploads\/2019\/unternehmen\/propart.png\" alt=\"\" width=\"181\" height=\"37\" \/><\/a><\/td>\n<td style=\"border-style: solid; border-color: #000000; width: 18.64%; height: 155px; text-align: center; vertical-align: middle;\"><a href=\"http:\/\/www.brunnerinformatik.ch\" target=\"_blank\" rel=\"noopener noreferrer\"><img loading=\"lazy\" decoding=\"async\" class=\"wp-image-1632 aligncenter\" src=\"https:\/\/www.transformit.ch\/wp-content\/uploads\/2019\/unternehmen\/brunner.jpg\" alt=\"\" width=\"232\" height=\"25\" \/><\/a>ElektroForm<\/td>\n<\/tr>\n<tr>\n<td style=\"border-style: none; width: 20%; height: 123px;\">\u00a0<\/td>\n<td style=\"border-style: solid; border-color: #000000; width: 20.2%; height: 123px; text-align: center; vertical-align: middle;\"><a href=\"http:\/\/www.bdo.ch\" target=\"_blank\" rel=\"noopener noreferrer\"><img loading=\"lazy\" decoding=\"async\" class=\"wp-image-1692 aligncenter\" src=\"https:\/\/www.transformit.ch\/wp-content\/uploads\/2019\/unternehmen\/bdo.png\" alt=\"\" width=\"154\" height=\"51\" \/><\/a><\/td>\n<td style=\"border-style: solid; border-color: #000000; width: 20.94%; height: 123px; text-align: center; vertical-align: middle;\"><a href=\"http:\/\/www.ddag.ch\" target=\"_blank\" rel=\"noopener noreferrer\"><img loading=\"lazy\" decoding=\"async\" class=\"size-full wp-image-1698 aligncenter\" src=\"https:\/\/www.transformit.ch\/wp-content\/uploads\/2019\/unternehmen\/ddag.png\" alt=\"\" width=\"260\" height=\"24\" \/><\/a><\/td>\n<td style=\"border-style: solid; border-color: #000000; width: 20.2%; height: 123px; text-align: center; vertical-align: middle;\">\u00a0<\/td>\n<td style=\"border-style: solid; border-color: #000000; width: 18.64%; height: 123px; text-align: center; vertical-align: middle;\"><img loading=\"lazy\" decoding=\"async\" class=\"alignnone size-full wp-image-1607\" src=\"https:\/\/www.transformit.ch\/wp-content\/uploads\/2019\/unternehmen\/quickline.png\" alt=\"\" width=\"182\" height=\"68\" \/>Telekomdienste<\/td>\n<\/tr>\n<tr>\n<td style=\"border-style: none; width: 20%; height: 138px;\">\u00a0<\/td>\n<td style=\"border-style: solid; border-color: #000000; width: 20.2%; height: 138px; text-align: center; vertical-align: middle;\"><a href=\"http:\/\/www.bewida.ch\" target=\"_blank\" rel=\"noopener noreferrer\"><img loading=\"lazy\" decoding=\"async\" class=\"wp-image-1694 aligncenter\" src=\"https:\/\/www.transformit.ch\/wp-content\/uploads\/2019\/unternehmen\/bewida-300x87.png\" alt=\"\" width=\"211\" height=\"61\" srcset=\"https:\/\/www.transformit.ch\/wp-content\/uploads\/2019\/unternehmen\/bewida-300x87.png 300w, https:\/\/www.transformit.ch\/wp-content\/uploads\/2019\/unternehmen\/bewida-768x222.png 768w, https:\/\/www.transformit.ch\/wp-content\/uploads\/2019\/unternehmen\/bewida-1024x296.png 1024w, https:\/\/www.transformit.ch\/wp-content\/uploads\/2019\/unternehmen\/bewida.png 1320w\" sizes=\"auto, (max-width: 211px) 100vw, 211px\" \/><\/a><\/td>\n<\/tr>\n<tr>\n<td style=\"border-style: none; width: 20%; height: 138px;\">\u00a0<\/td>\n<td style=\"border-style: solid; border-color: #000000; width: 20.2%; height: 138px; text-align: center; vertical-align: middle;\"><a href=\"http:\/\/www.obt.ch\" target=\"_blank\" rel=\"noopener noreferrer\"><img loading=\"lazy\" decoding=\"async\" class=\"wp-image-1696 aligncenter\" src=\"https:\/\/www.transformit.ch\/wp-content\/uploads\/2019\/unternehmen\/obt-300x135.png\" alt=\"\" width=\"155\" height=\"70\" srcset=\"https:\/\/www.transformit.ch\/wp-content\/uploads\/2019\/unternehmen\/obt-300x135.png 300w, https:\/\/www.transformit.ch\/wp-content\/uploads\/2019\/unternehmen\/obt.png 312w\" sizes=\"auto, (max-width: 155px) 100vw, 155px\" \/><\/a><\/td>\n<\/tr>\n<\/tbody>\n<\/table>\n<hr \/>\n<h3><span style=\"color: #000000;\"><strong><span style=\"font-family: helvetica,arial,sans-serif;\"><a id=\"referenzen\" style=\"color: #000000;\"><\/a>R\u00e9f\u00e9rences<\/span><\/strong><\/span><\/h3>\n<p><span style=\"color: #000000; font-family: helvetica,arial,sans-serif;\">Nos clients sont de grands et petits fournisseurs d'\u00e9nergie dans toute la Suisse.<\/span><\/p>\n<table style=\"width: 100%; border-collapse: collapse;\">\n<tbody>\n<tr>\n<td style=\"width: 46%;\"><span style=\"font-family: helvetica,arial,sans-serif; font-size: 12pt;\"><br \/>Les clients ont entre 100 et 100'000 appareils de mesure.<br \/><\/span><span style=\"font-family: helvetica,arial,sans-serif; font-size: 12pt;\">Au total, plus de 170 fournisseurs d'\u00e9nergie avec environ 1'500'000 appareils de mesure.<\/span><\/td>\n<td style=\"width: 53.98%;\">\n<ul style=\"list-style-type: square;\">\n<li><span style=\"font-family: helvetica,arial,sans-serif; font-size: 12pt;\">150 services municipaux et communaux<\/span><\/li>\n<li><span style=\"font-family: helvetica,arial,sans-serif; font-size: 12pt;\">16 fournisseurs d'\u00e9nergie r\u00e9gionaux<\/span><\/li>\n<li><span style=\"font-family: helvetica,arial,sans-serif; font-size: 12pt;\">5 fournisseurs cantonaux<\/span><\/li>\n<li><span style=\"font-family: helvetica,arial,sans-serif; font-size: 12pt;\">M\u00e9dias: \u00e9lectricit\u00e9, gaz, eau\/eaux us\u00e9es, chaleur\/froid, t\u00e9l\u00e9com, ordures m\u00e9nag\u00e8res<\/span><\/li>\n<\/ul>\n<\/td>\n<\/tr>\n<\/tbody>\n<\/table>\n<p><span style=\"color: #000000; font-family: helvetica,arial,sans-serif;\">Vous avez besoin d'informations suppl\u00e9mentaires ? Notre service commercial se fera un plaisir de prendre contact avec vous. E-mail: <a href=\"mailto: sandro.bovino@transformit.ch\">Mail: sandro.bovino@transformit.ch<\/a><\/span><\/p>\n<hr \/>\n<h3><span style=\"color: #000000;\"><strong><span style=\"font-family: helvetica,arial,sans-serif;\"><a id=\"stellen\" style=\"color: #000000;\"><\/a>postes vacants<\/span><\/strong><\/span><\/h3>\n\n\n<p>Derzeit sind keine Stellen vakant.<\/p>\n\n\n\n<p><\/p>\n\n\n\n<p><\/p>","protected":false},"excerpt":{"rendered":"<p>Wer sind wir Die transformIT ist ein unabh\u00e4ngiges Unternehmen mit Sitz in Tuttwil, gegr\u00fcndet 2007. Wir sind im Bereich Informatikdienstleistungen t\u00e4tig und auf die Bed\u00fcrfnisse von Energieversorgungsunternehmen spezialisiert. Als offizieller Vertriebspartner der L\u00f6sung innosolvenergy betreuen wir seit Jahren \u00fcber 170 Energieversorger mit ca. 1.5 Millionen Messger\u00e4ten. In \u00fcber 400 Projekten haben wir uns im Weiteren&hellip; <br \/> <a class=\"read-more\" href=\"https:\/\/www.transformit.ch\/fr\/unternehmen\/\">Lire la suite<\/a><\/p>","protected":false},"author":2,"featured_media":0,"parent":0,"menu_order":0,"comment_status":"closed","ping_status":"closed","template":"","meta":{"footnotes":""},"class_list":["post-1302","page","type-page","status-publish","hentry"],"yoast_head":"<!-- This site is optimized with the Yoast SEO plugin v27.3 - https:\/\/yoast.com\/product\/yoast-seo-wordpress\/ -->\n<title>Unternehmen - transformIT AG<\/title>\n<meta name=\"robots\" content=\"index, follow, max-snippet:-1, max-image-preview:large, max-video-preview:-1\" \/>\n<link rel=\"canonical\" href=\"https:\/\/www.transformit.ch\/fr\/unternehmen\/\" \/>\n<meta property=\"og:locale\" content=\"fr_FR\" \/>\n<meta property=\"og:type\" content=\"article\" \/>\n<meta property=\"og:title\" content=\"Unternehmen - transformIT AG\" \/>\n<meta property=\"og:description\" content=\"Wer sind wir Die transformIT ist ein unabh\u00e4ngiges Unternehmen mit Sitz in Tuttwil, gegr\u00fcndet 2007. Wir sind im Bereich Informatikdienstleistungen t\u00e4tig und auf die Bed\u00fcrfnisse von Energieversorgungsunternehmen spezialisiert. Als offizieller Vertriebspartner der L\u00f6sung innosolvenergy betreuen wir seit Jahren \u00fcber 170 Energieversorger mit ca. 1.5 Millionen Messger\u00e4ten. In \u00fcber 400 Projekten haben wir uns im Weiteren&hellip; Lire la suite\" \/>\n<meta property=\"og:url\" content=\"https:\/\/www.transformit.ch\/fr\/unternehmen\/\" \/>\n<meta property=\"og:site_name\" content=\"transformIT AG\" \/>\n<meta property=\"article:modified_time\" content=\"2026-02-18T15:15:56+00:00\" \/>\n<meta property=\"og:image\" content=\"https:\/\/www.transformit.ch\/wp-content\/uploads\/2019\/mesmerize\/ise-pos.png\" \/>\n\t<meta property=\"og:image:width\" content=\"2410\" \/>\n\t<meta property=\"og:image:height\" content=\"736\" \/>\n\t<meta property=\"og:image:type\" content=\"image\/png\" \/>\n<meta name=\"twitter:card\" content=\"summary_large_image\" \/>\n<meta name=\"twitter:label1\" content=\"Dur\u00e9e de lecture estim\u00e9e\" \/>\n\t<meta name=\"twitter:data1\" content=\"2 minutes\" \/>\n<script type=\"application\/ld+json\" class=\"yoast-schema-graph\">{\"@context\":\"https:\\\/\\\/schema.org\",\"@graph\":[{\"@type\":\"WebPage\",\"@id\":\"https:\\\/\\\/www.transformit.ch\\\/unternehmen\\\/\",\"url\":\"https:\\\/\\\/www.transformit.ch\\\/unternehmen\\\/\",\"name\":\"Unternehmen - transformIT AG\",\"isPartOf\":{\"@id\":\"https:\\\/\\\/www.transformit.ch\\\/#website\"},\"primaryImageOfPage\":{\"@id\":\"https:\\\/\\\/www.transformit.ch\\\/unternehmen\\\/#primaryimage\"},\"image\":{\"@id\":\"https:\\\/\\\/www.transformit.ch\\\/unternehmen\\\/#primaryimage\"},\"thumbnailUrl\":\"https:\\\/\\\/www.transformit.ch\\\/wp-content\\\/uploads\\\/2019\\\/mesmerize\\\/ise-pos.png\",\"datePublished\":\"2019-07-04T14:20:58+00:00\",\"dateModified\":\"2026-02-18T15:15:56+00:00\",\"breadcrumb\":{\"@id\":\"https:\\\/\\\/www.transformit.ch\\\/unternehmen\\\/#breadcrumb\"},\"inLanguage\":\"fr-FR\",\"potentialAction\":[{\"@type\":\"ReadAction\",\"target\":[\"https:\\\/\\\/www.transformit.ch\\\/unternehmen\\\/\"]}]},{\"@type\":\"ImageObject\",\"inLanguage\":\"fr-FR\",\"@id\":\"https:\\\/\\\/www.transformit.ch\\\/unternehmen\\\/#primaryimage\",\"url\":\"https:\\\/\\\/www.transformit.ch\\\/wp-content\\\/uploads\\\/2019\\\/mesmerize\\\/ise-pos.png\",\"contentUrl\":\"https:\\\/\\\/www.transformit.ch\\\/wp-content\\\/uploads\\\/2019\\\/mesmerize\\\/ise-pos.png\"},{\"@type\":\"BreadcrumbList\",\"@id\":\"https:\\\/\\\/www.transformit.ch\\\/unternehmen\\\/#breadcrumb\",\"itemListElement\":[{\"@type\":\"ListItem\",\"position\":1,\"name\":\"Home\",\"item\":\"https:\\\/\\\/www.transformit.ch\\\/\"},{\"@type\":\"ListItem\",\"position\":2,\"name\":\"Unternehmen\"}]},{\"@type\":\"WebSite\",\"@id\":\"https:\\\/\\\/www.transformit.ch\\\/#website\",\"url\":\"https:\\\/\\\/www.transformit.ch\\\/\",\"name\":\"transformIT AG\",\"description\":\"innosolvenergy: CRM, Metering und Billing f\u00fcr Energieversorger\",\"publisher\":{\"@id\":\"https:\\\/\\\/www.transformit.ch\\\/#organization\"},\"potentialAction\":[{\"@type\":\"SearchAction\",\"target\":{\"@type\":\"EntryPoint\",\"urlTemplate\":\"https:\\\/\\\/www.transformit.ch\\\/?s={search_term_string}\"},\"query-input\":{\"@type\":\"PropertyValueSpecification\",\"valueRequired\":true,\"valueName\":\"search_term_string\"}}],\"inLanguage\":\"fr-FR\"},{\"@type\":\"Organization\",\"@id\":\"https:\\\/\\\/www.transformit.ch\\\/#organization\",\"name\":\"transformIT AG\",\"url\":\"https:\\\/\\\/www.transformit.ch\\\/\",\"logo\":{\"@type\":\"ImageObject\",\"inLanguage\":\"fr-FR\",\"@id\":\"https:\\\/\\\/www.transformit.ch\\\/#\\\/schema\\\/logo\\\/image\\\/\",\"url\":\"https:\\\/\\\/i1.wp.com\\\/www.transformit.ch\\\/wp-content\\\/uploads\\\/2019\\\/transformIT_Icon_512.png?fit=516%2C516&ssl=1\",\"contentUrl\":\"https:\\\/\\\/i1.wp.com\\\/www.transformit.ch\\\/wp-content\\\/uploads\\\/2019\\\/transformIT_Icon_512.png?fit=516%2C516&ssl=1\",\"width\":516,\"height\":516,\"caption\":\"transformIT AG\"},\"image\":{\"@id\":\"https:\\\/\\\/www.transformit.ch\\\/#\\\/schema\\\/logo\\\/image\\\/\"}}]}<\/script>\n<!-- \/ Yoast SEO plugin. -->","yoast_head_json":{"title":"Unternehmen - transformIT AG","robots":{"index":"index","follow":"follow","max-snippet":"max-snippet:-1","max-image-preview":"max-image-preview:large","max-video-preview":"max-video-preview:-1"},"canonical":"https:\/\/www.transformit.ch\/fr\/unternehmen\/","og_locale":"fr_FR","og_type":"article","og_title":"Unternehmen - transformIT AG","og_description":"Wer sind wir Die transformIT ist ein unabh\u00e4ngiges Unternehmen mit Sitz in Tuttwil, gegr\u00fcndet 2007. Wir sind im Bereich Informatikdienstleistungen t\u00e4tig und auf die Bed\u00fcrfnisse von Energieversorgungsunternehmen spezialisiert. Als offizieller Vertriebspartner der L\u00f6sung innosolvenergy betreuen wir seit Jahren \u00fcber 170 Energieversorger mit ca. 1.5 Millionen Messger\u00e4ten. In \u00fcber 400 Projekten haben wir uns im Weiteren&hellip; Lire la suite","og_url":"https:\/\/www.transformit.ch\/fr\/unternehmen\/","og_site_name":"transformIT AG","article_modified_time":"2026-02-18T15:15:56+00:00","og_image":[{"width":2410,"height":736,"url":"https:\/\/www.transformit.ch\/wp-content\/uploads\/2019\/mesmerize\/ise-pos.png","type":"image\/png"}],"twitter_card":"summary_large_image","twitter_misc":{"Dur\u00e9e de lecture estim\u00e9e":"2 minutes"},"schema":{"@context":"https:\/\/schema.org","@graph":[{"@type":"WebPage","@id":"https:\/\/www.transformit.ch\/unternehmen\/","url":"https:\/\/www.transformit.ch\/unternehmen\/","name":"Unternehmen - transformIT AG","isPartOf":{"@id":"https:\/\/www.transformit.ch\/#website"},"primaryImageOfPage":{"@id":"https:\/\/www.transformit.ch\/unternehmen\/#primaryimage"},"image":{"@id":"https:\/\/www.transformit.ch\/unternehmen\/#primaryimage"},"thumbnailUrl":"https:\/\/www.transformit.ch\/wp-content\/uploads\/2019\/mesmerize\/ise-pos.png","datePublished":"2019-07-04T14:20:58+00:00","dateModified":"2026-02-18T15:15:56+00:00","breadcrumb":{"@id":"https:\/\/www.transformit.ch\/unternehmen\/#breadcrumb"},"inLanguage":"fr-FR","potentialAction":[{"@type":"ReadAction","target":["https:\/\/www.transformit.ch\/unternehmen\/"]}]},{"@type":"ImageObject","inLanguage":"fr-FR","@id":"https:\/\/www.transformit.ch\/unternehmen\/#primaryimage","url":"https:\/\/www.transformit.ch\/wp-content\/uploads\/2019\/mesmerize\/ise-pos.png","contentUrl":"https:\/\/www.transformit.ch\/wp-content\/uploads\/2019\/mesmerize\/ise-pos.png"},{"@type":"BreadcrumbList","@id":"https:\/\/www.transformit.ch\/unternehmen\/#breadcrumb","itemListElement":[{"@type":"ListItem","position":1,"name":"Home","item":"https:\/\/www.transformit.ch\/"},{"@type":"ListItem","position":2,"name":"Unternehmen"}]},{"@type":"WebSite","@id":"https:\/\/www.transformit.ch\/#website","url":"https:\/\/www.transformit.ch\/","name":"transformIT AG","description":"innosolvenergy: CRM, metering et facturation pour les fournisseurs d'\u00e9nergie","publisher":{"@id":"https:\/\/www.transformit.ch\/#organization"},"potentialAction":[{"@type":"SearchAction","target":{"@type":"EntryPoint","urlTemplate":"https:\/\/www.transformit.ch\/?s={search_term_string}"},"query-input":{"@type":"PropertyValueSpecification","valueRequired":true,"valueName":"search_term_string"}}],"inLanguage":"fr-FR"},{"@type":"Organization","@id":"https:\/\/www.transformit.ch\/#organization","name":"transformIT AG","url":"https:\/\/www.transformit.ch\/","logo":{"@type":"ImageObject","inLanguage":"fr-FR","@id":"https:\/\/www.transformit.ch\/#\/schema\/logo\/image\/","url":"https:\/\/i1.wp.com\/www.transformit.ch\/wp-content\/uploads\/2019\/transformIT_Icon_512.png?fit=516%2C516&ssl=1","contentUrl":"https:\/\/i1.wp.com\/www.transformit.ch\/wp-content\/uploads\/2019\/transformIT_Icon_512.png?fit=516%2C516&ssl=1","width":516,"height":516,"caption":"transformIT AG"},"image":{"@id":"https:\/\/www.transformit.ch\/#\/schema\/logo\/image\/"}}]}},"_links":{"self":[{"href":"https:\/\/www.transformit.ch\/fr\/wp-json\/wp\/v2\/pages\/1302","targetHints":{"allow":["GET"]}}],"collection":[{"href":"https:\/\/www.transformit.ch\/fr\/wp-json\/wp\/v2\/pages"}],"about":[{"href":"https:\/\/www.transformit.ch\/fr\/wp-json\/wp\/v2\/types\/page"}],"author":[{"embeddable":true,"href":"https:\/\/www.transformit.ch\/fr\/wp-json\/wp\/v2\/users\/2"}],"replies":[{"embeddable":true,"href":"https:\/\/www.transformit.ch\/fr\/wp-json\/wp\/v2\/comments?post=1302"}],"version-history":[{"count":350,"href":"https:\/\/www.transformit.ch\/fr\/wp-json\/wp\/v2\/pages\/1302\/revisions"}],"predecessor-version":[{"id":3527,"href":"https:\/\/www.transformit.ch\/fr\/wp-json\/wp\/v2\/pages\/1302\/revisions\/3527"}],"wp:attachment":[{"href":"https:\/\/www.transformit.ch\/fr\/wp-json\/wp\/v2\/media?parent=1302"}],"curies":[{"name":"wp","href":"https:\/\/api.w.org\/{rel}","templated":true}]}}