{"id":211,"date":"2019-04-01T13:43:09","date_gmt":"2019-04-01T13:43:09","guid":{"rendered":"https:\/\/www.transformit.ch\/mesmerize\/"},"modified":"2026-01-05T13:44:30","modified_gmt":"2026-01-05T12:44:30","slug":"mesmerize","status":"publish","type":"page","link":"https:\/\/www.transformit.ch\/fr\/","title":{"rendered":"Startseite"},"content":{"rendered":"<div  id=\"menue-horizontal\" class=\"overlappable-4 content-section content-section-spacing\" style=\"background-color: #ffffff; background-image: none;\" data-overlap=\"true\" data-id=\"overlappable-4\" data-label=\"Menue horizontal\" data-category=\"overlappable\" data-export-id=\"overlappable-4\">\n<div  class=\"gridContainer\">\n<div  class=\"row spaced-cols text-center content-center-sm center-sm\" data-type=\"row\">\n<div  class=\"col-xs-12 col-sm-4 col-padding col-md-3\">\n<div  class=\"\" data-type=\"column\"><\/div>\n<\/div>\n<div  class=\"col-xs-12 col-sm-4 col-padding col-md-3\">\n<div  class=\"\" data-type=\"column\"><\/div>\n<\/div>\n<div  class=\"col-xs-12 col-sm-4 col-padding col-md-3\">\n<div  class=\"\" data-type=\"column\"><\/div>\n<\/div>\n<div  class=\"col-xs-12 col-sm-4 col-padding col-md-3\">\n<div  class=\"\" data-type=\"column\"><\/div>\n<\/div>\n<\/div>\n<\/div>\n<\/div><div  id=\"content-2\" class=\"content-8 content-section content-section-spacing\" style=\"background-color: #ffffff; background-image: none;\" data-label=\"Content\" data-id=\"content--5\" data-export-id=\"content-8\" data-category=\"content\">\n<div  class=\"gridContainer\">\n<div  class=\"row middle-sm\">\n<div  class=\"col-sm-6 space-bottom-xs space-top-xs content-left-sm\" data-type=\"column\"><\/div>\n<div  class=\"col-sm-6 content-left-sm\" data-type=\"column\"><\/div>\n<\/div>\n<\/div>\n<\/div><div  id=\"unternehmen\" class=\"content-7 content-section content-section-spacing\" style=\"background-image: none; background-color: #ffffff;\" data-id=\"content--1\" data-label=\"Unternehmen\" data-category=\"content\" data-export-id=\"content-7\">\n<div  class=\"gridContainer\">\n<div  class=\"row middle-sm\">\n<div  class=\"col-sm-6 space-bottom-xs content-left-sm\" data-type=\"column\">\n<h3  class=\"\">Qui sommes-nous?<\/h3>\n<p  class=\"\">En tant que distributeur officiel de la solution innosolvenergy, nous encadrons depuis des ann\u00e9es plus de 170 fournisseurs d'\u00e9nergie avec environ 1,5 million d'appareils de mesure.<\/p>\n<a  class=\"link\" href=\"https:\/\/www.transformit.ch\/fr\/unternehmen\/#wersindwir\" target=\"_self\" rel=\"noopener noreferrer\" data-cp-link=\"1\"><img loading=\"lazy\"  decoding=\"async\" class=\"alignnone wp-image-2379 jetpack-lazy-image jetpack-lazy-image--handled\" src=\"https:\/\/i2.wp.com\/www.transformit.ch\/wp-content\/uploads\/2019\/mesmerize\/ise-pos.png?resize=232%2C71&amp;ssl=1\" sizes=\"auto, (max-width: 232px) 100vw, 232px\" srcset=\"https:\/\/i2.wp.com\/www.transformit.ch\/wp-content\/uploads\/2019\/mesmerize\/ise-pos.png?w=2410&amp;ssl=1 2410w, https:\/\/i2.wp.com\/www.transformit.ch\/wp-content\/uploads\/2019\/mesmerize\/ise-pos.png?resize=300%2C92&amp;ssl=1 300w, https:\/\/i2.wp.com\/www.transformit.ch\/wp-content\/uploads\/2019\/mesmerize\/ise-pos.png?resize=1024%2C313&amp;ssl=1 1024w, https:\/\/i2.wp.com\/www.transformit.ch\/wp-content\/uploads\/2019\/mesmerize\/ise-pos.png?resize=768%2C235&amp;ssl=1 768w, https:\/\/i2.wp.com\/www.transformit.ch\/wp-content\/uploads\/2019\/mesmerize\/ise-pos.png?resize=1536%2C469&amp;ssl=1 1536w, https:\/\/i2.wp.com\/www.transformit.ch\/wp-content\/uploads\/2019\/mesmerize\/ise-pos.png?resize=2048%2C625&amp;ssl=1 2048w, https:\/\/i2.wp.com\/www.transformit.ch\/wp-content\/uploads\/2019\/mesmerize\/ise-pos.png?resize=1920%2C586&amp;ssl=1 1920w\" alt=\"\" width=\"232\" height=\"71\" data-lazy-loaded=\"1\">plus<\/a>\n\n<\/div>\n<div  class=\"col-sm-6 content-left-sm\" data-type=\"column\"><a  class=\"\" href=\"https:\/\/www.transformit.ch\/fr\/\" target=\"_self\" rel=\"noopener noreferrer\" data-cp-link=\"1\"><img loading=\"lazy\"  decoding=\"async\" class=\"shadow-large jetpack-lazy-image jetpack-lazy-image--handled lazy loaded\" title=\"cropped-achievement-3385068_1920-1-2.jpg\" src=\"https:\/\/i0.wp.com\/www.transformit.ch\/wp-content\/uploads\/2020\/cropped-cropped-achievement-3385068_1920-1-2.jpg?w=3840&amp;ssl=1\" alt=\"\" width=\"400\" height=\"266\" data-src=\"https:\/\/i1.wp.com\/www.transformit.ch\/wp-content\/uploads\/2020\/achievement-3385068_1920-1.jpg?w=3840&amp;ssl=1\" data-lazy-loaded=\"1\" data-was-processed=\"true\"><\/a><\/div>\n<\/div>\n<\/div>\n<\/div><div  id=\"dienstleistungen\" class=\"content-2 content-section content-section-spacing\" style=\"background-color: #ffffff; background-image: none;\" data-label=\"Dienstleistungen\" data-id=\"content--2\" data-export-id=\"content-2\" data-category=\"content\">\n<div  class=\"gridContainer\">\n<div  class=\"row middle-xs\">\n<div  class=\"col-sm-5 bg-image shadow-large-black lazy\" style=\"background-image: url('https:\/\/www.transformit.ch\/wp-content\/uploads\/2019\/05\/cropped-cropped-business-3421076_1920-1-1.jpg');\" data-bg=\"image\" data-was-processed=\"true\"><\/div>\n<div  class=\"col-sm-7 full-col-left-padding full-col-right-padding\">\n<div  class=\"row\">\n<div  class=\"space-bottom-small content-title-col\" data-type=\"column\">\n<h5  class=\"\"><\/h5>\n<h2  class=\"\">Prestations<\/h2>\n<p  class=\"\">Au fil de nombreuses ann\u00e9es d'exp\u00e9rience, nos collaborateurs se sont sp\u00e9cialis\u00e9s dans leurs domaines et ont fait preuve de leurs comp\u00e9tences dans de tr\u00e8s nombreux projets. Nous avons r\u00e9uni ces forces au sein de transformIT. Examinez notre offre !<\/p>\n\n<\/div>\n<\/div>\n<div  class=\"row spaced-cols\" data-type=\"row\">\n<div  class=\"col-xs-6\" data-type=\"column\"><a  class=\"link\" href=\"https:\/\/www.transformit.ch\/fr\/dienstleistungen\/\" target=\"_self\" rel=\"noopener\" data-cp-link=\"1\">plus<\/a><\/div>\n<\/div>\n<\/div>\n<\/div>\n<\/div>\n<\/div><div  id=\"support\" class=\"content-3 content-section content-section-spacing\" style=\"background-color: #ffffff;\" data-label=\"Support\" data-id=\"content--3\" data-export-id=\"content-3\" data-category=\"content\">\n<div  class=\"gridContainer\">\n<div  class=\"row middle-xs\">\n<div  class=\"col-sm-7 full-col-left-padding full-col-right-padding\">\n<div  class=\"row\">\n<div  class=\"space-bottom-small content-title-col\" data-type=\"column\">\n<h5  class=\"\"><\/h5>\n<h2  class=\"\">Support<\/h2>\n<p  class=\"\">Un solide soutien aux clients rev\u00eat pour nous une importance capitale.<\/p>\n\n<\/div>\n<\/div>\n<div  class=\"row spaced-cols\" data-type=\"row\">\n<div  class=\"col-xs-6\" data-type=\"column\"><a  class=\"link\" href=\"https:\/\/www.transformit.ch\/fr\/support\/\" target=\"_self\" rel=\"noopener\" data-cp-link=\"1\">plus<\/a><\/div>\n<div  class=\"col-xs-6\" data-type=\"column\"><\/div>\n<\/div>\n<\/div>\n<div  class=\"col-sm-5 bg-image shadow-large-black revert-classes-holder lazy\" style=\"background-image: url('https:\/\/www.transformit.ch\/wp-content\/uploads\/2019\/cropped-handshake-2009195_1920.png');\" data-bg=\"image\" data-was-processed=\"true\"><\/div>\n<\/div>\n<\/div>\n<\/div><div  id=\"content-1\" class=\"content-12 content-section content-section-spacing\" style=\"background-color: #ffffff; background-image: none;\" data-label=\"Content\" data-id=\"content--4\" data-export-id=\"content-12\" data-category=\"content\">\n<div  class=\"gridContainer\">\n<div  class=\"row text-center\">\n<div  class=\"section-title-col\" data-type=\"column\">\n<h2  class=\"\">Partenariat strat\u00e9gique<\/h2>\n<p  class=\"lead\">transformIT entame une collaboration strat\u00e9gique avec Bewida.<\/p>\n<a  class=\"link\" href=\"https:\/\/www.transformit.ch\/wp-content\/uploads\/2022\/Medienmitteilung-Bewida-transformIT.pdf\" target=\"_self\" rel=\"noopener\" data-cp-link=\"1\">plus<\/a>\n\n<\/div>\n<\/div>\n<div  class=\"row center-xs middle-xs\">\n<div  class=\"col-sm-9\" data-type=\"column\"><\/div>\n<\/div>\n<\/div>\n<\/div>","protected":false},"excerpt":{"rendered":"<p>Wer sind wir Als offizieller Vertriebspartner der L\u00f6sung innosolvenergy betreuen wir seit Jahren \u00fcber 170 Energieversorger mit ca. 1.5 Millionen Messger\u00e4ten. mehr Dienstleistungen In langj\u00e4hriger Erfahrung haben sich unsere Mitarbeiter in ihren Bereichen spezialisiert und in sehr vielen Projekten ihr K\u00f6nnen unter Beweis gestellt. In der transformIT haben wir diese Kr\u00e4fte geb\u00fcndelt. \u00dcberpr\u00fcfen Sie unser&hellip; <br \/> <a class=\"read-more\" href=\"https:\/\/www.transformit.ch\/fr\/\">Lire la suite<\/a><\/p>","protected":false},"author":2,"featured_media":0,"parent":0,"menu_order":0,"comment_status":"closed","ping_status":"closed","template":"page-templates\/homepage.php","meta":{"footnotes":""},"class_list":["post-211","page","type-page","status-publish","hentry"],"yoast_head":"<!-- This site is optimized with the Yoast SEO plugin v27.3 - https:\/\/yoast.com\/product\/yoast-seo-wordpress\/ -->\n<title>Startseite - transformIT AG<\/title>\n<meta name=\"robots\" content=\"index, follow, max-snippet:-1, max-image-preview:large, max-video-preview:-1\" \/>\n<link rel=\"canonical\" href=\"https:\/\/www.transformit.ch\/fr\/\" \/>\n<meta property=\"og:locale\" content=\"fr_FR\" \/>\n<meta property=\"og:type\" content=\"article\" \/>\n<meta property=\"og:title\" content=\"Startseite - transformIT AG\" \/>\n<meta property=\"og:description\" content=\"Wer sind wir Als offizieller Vertriebspartner der L\u00f6sung innosolvenergy betreuen wir seit Jahren \u00fcber 170 Energieversorger mit ca. 1.5 Millionen Messger\u00e4ten. mehr Dienstleistungen In langj\u00e4hriger Erfahrung haben sich unsere Mitarbeiter in ihren Bereichen spezialisiert und in sehr vielen Projekten ihr K\u00f6nnen unter Beweis gestellt. In der transformIT haben wir diese Kr\u00e4fte geb\u00fcndelt. \u00dcberpr\u00fcfen Sie unser&hellip; Lire la suite\" \/>\n<meta property=\"og:url\" content=\"https:\/\/www.transformit.ch\/fr\/\" \/>\n<meta property=\"og:site_name\" content=\"transformIT AG\" \/>\n<meta property=\"article:modified_time\" content=\"2026-01-05T12:44:30+00:00\" \/>\n<meta property=\"og:image\" content=\"https:\/\/www.transformit.ch\/wp-content\/uploads\/2019\/mesmerize\/ise-pos.png\" \/>\n\t<meta property=\"og:image:width\" content=\"2410\" \/>\n\t<meta property=\"og:image:height\" content=\"736\" \/>\n\t<meta property=\"og:image:type\" content=\"image\/png\" \/>\n<meta name=\"twitter:card\" content=\"summary_large_image\" \/>\n<script type=\"application\/ld+json\" class=\"yoast-schema-graph\">{\"@context\":\"https:\\\/\\\/schema.org\",\"@graph\":[{\"@type\":\"WebPage\",\"@id\":\"https:\\\/\\\/www.transformit.ch\\\/\",\"url\":\"https:\\\/\\\/www.transformit.ch\\\/\",\"name\":\"Startseite - transformIT AG\",\"isPartOf\":{\"@id\":\"https:\\\/\\\/www.transformit.ch\\\/#website\"},\"primaryImageOfPage\":{\"@id\":\"https:\\\/\\\/www.transformit.ch\\\/#primaryimage\"},\"image\":{\"@id\":\"https:\\\/\\\/www.transformit.ch\\\/#primaryimage\"},\"thumbnailUrl\":\"https:\\\/\\\/i2.wp.com\\\/www.transformit.ch\\\/wp-content\\\/uploads\\\/2019\\\/mesmerize\\\/ise-pos.png?resize=232%2C71&amp;ssl=1\",\"datePublished\":\"2019-04-01T13:43:09+00:00\",\"dateModified\":\"2026-01-05T12:44:30+00:00\",\"breadcrumb\":{\"@id\":\"https:\\\/\\\/www.transformit.ch\\\/#breadcrumb\"},\"inLanguage\":\"fr-FR\",\"potentialAction\":[{\"@type\":\"ReadAction\",\"target\":[\"https:\\\/\\\/www.transformit.ch\\\/\"]}]},{\"@type\":\"ImageObject\",\"inLanguage\":\"fr-FR\",\"@id\":\"https:\\\/\\\/www.transformit.ch\\\/#primaryimage\",\"url\":\"https:\\\/\\\/i2.wp.com\\\/www.transformit.ch\\\/wp-content\\\/uploads\\\/2019\\\/mesmerize\\\/ise-pos.png?resize=232%2C71&amp;ssl=1\",\"contentUrl\":\"https:\\\/\\\/i2.wp.com\\\/www.transformit.ch\\\/wp-content\\\/uploads\\\/2019\\\/mesmerize\\\/ise-pos.png?resize=232%2C71&amp;ssl=1\"},{\"@type\":\"BreadcrumbList\",\"@id\":\"https:\\\/\\\/www.transformit.ch\\\/#breadcrumb\",\"itemListElement\":[{\"@type\":\"ListItem\",\"position\":1,\"name\":\"Home\",\"item\":\"https:\\\/\\\/www.transformit.ch\\\/\"},{\"@type\":\"ListItem\",\"position\":2,\"name\":\"Startseite\"}]},{\"@type\":\"WebSite\",\"@id\":\"https:\\\/\\\/www.transformit.ch\\\/#website\",\"url\":\"https:\\\/\\\/www.transformit.ch\\\/\",\"name\":\"transformIT AG\",\"description\":\"innosolvenergy: CRM, Metering und Billing f\u00fcr Energieversorger\",\"publisher\":{\"@id\":\"https:\\\/\\\/www.transformit.ch\\\/#organization\"},\"potentialAction\":[{\"@type\":\"SearchAction\",\"target\":{\"@type\":\"EntryPoint\",\"urlTemplate\":\"https:\\\/\\\/www.transformit.ch\\\/?s={search_term_string}\"},\"query-input\":{\"@type\":\"PropertyValueSpecification\",\"valueRequired\":true,\"valueName\":\"search_term_string\"}}],\"inLanguage\":\"fr-FR\"},{\"@type\":\"Organization\",\"@id\":\"https:\\\/\\\/www.transformit.ch\\\/#organization\",\"name\":\"transformIT AG\",\"url\":\"https:\\\/\\\/www.transformit.ch\\\/\",\"logo\":{\"@type\":\"ImageObject\",\"inLanguage\":\"fr-FR\",\"@id\":\"https:\\\/\\\/www.transformit.ch\\\/#\\\/schema\\\/logo\\\/image\\\/\",\"url\":\"https:\\\/\\\/i1.wp.com\\\/www.transformit.ch\\\/wp-content\\\/uploads\\\/2019\\\/transformIT_Icon_512.png?fit=516%2C516&ssl=1\",\"contentUrl\":\"https:\\\/\\\/i1.wp.com\\\/www.transformit.ch\\\/wp-content\\\/uploads\\\/2019\\\/transformIT_Icon_512.png?fit=516%2C516&ssl=1\",\"width\":516,\"height\":516,\"caption\":\"transformIT AG\"},\"image\":{\"@id\":\"https:\\\/\\\/www.transformit.ch\\\/#\\\/schema\\\/logo\\\/image\\\/\"}}]}<\/script>\n<!-- \/ Yoast SEO plugin. -->","yoast_head_json":{"title":"Startseite - transformIT AG","robots":{"index":"index","follow":"follow","max-snippet":"max-snippet:-1","max-image-preview":"max-image-preview:large","max-video-preview":"max-video-preview:-1"},"canonical":"https:\/\/www.transformit.ch\/fr\/","og_locale":"fr_FR","og_type":"article","og_title":"Startseite - transformIT AG","og_description":"Wer sind wir Als offizieller Vertriebspartner der L\u00f6sung innosolvenergy betreuen wir seit Jahren \u00fcber 170 Energieversorger mit ca. 1.5 Millionen Messger\u00e4ten. mehr Dienstleistungen In langj\u00e4hriger Erfahrung haben sich unsere Mitarbeiter in ihren Bereichen spezialisiert und in sehr vielen Projekten ihr K\u00f6nnen unter Beweis gestellt. In der transformIT haben wir diese Kr\u00e4fte geb\u00fcndelt. \u00dcberpr\u00fcfen Sie unser&hellip; Lire la suite","og_url":"https:\/\/www.transformit.ch\/fr\/","og_site_name":"transformIT AG","article_modified_time":"2026-01-05T12:44:30+00:00","og_image":[{"width":2410,"height":736,"url":"https:\/\/www.transformit.ch\/wp-content\/uploads\/2019\/mesmerize\/ise-pos.png","type":"image\/png"}],"twitter_card":"summary_large_image","schema":{"@context":"https:\/\/schema.org","@graph":[{"@type":"WebPage","@id":"https:\/\/www.transformit.ch\/","url":"https:\/\/www.transformit.ch\/","name":"Startseite - transformIT AG","isPartOf":{"@id":"https:\/\/www.transformit.ch\/#website"},"primaryImageOfPage":{"@id":"https:\/\/www.transformit.ch\/#primaryimage"},"image":{"@id":"https:\/\/www.transformit.ch\/#primaryimage"},"thumbnailUrl":"https:\/\/i2.wp.com\/www.transformit.ch\/wp-content\/uploads\/2019\/mesmerize\/ise-pos.png?resize=232%2C71&amp;ssl=1","datePublished":"2019-04-01T13:43:09+00:00","dateModified":"2026-01-05T12:44:30+00:00","breadcrumb":{"@id":"https:\/\/www.transformit.ch\/#breadcrumb"},"inLanguage":"fr-FR","potentialAction":[{"@type":"ReadAction","target":["https:\/\/www.transformit.ch\/"]}]},{"@type":"ImageObject","inLanguage":"fr-FR","@id":"https:\/\/www.transformit.ch\/#primaryimage","url":"https:\/\/i2.wp.com\/www.transformit.ch\/wp-content\/uploads\/2019\/mesmerize\/ise-pos.png?resize=232%2C71&amp;ssl=1","contentUrl":"https:\/\/i2.wp.com\/www.transformit.ch\/wp-content\/uploads\/2019\/mesmerize\/ise-pos.png?resize=232%2C71&amp;ssl=1"},{"@type":"BreadcrumbList","@id":"https:\/\/www.transformit.ch\/#breadcrumb","itemListElement":[{"@type":"ListItem","position":1,"name":"Home","item":"https:\/\/www.transformit.ch\/"},{"@type":"ListItem","position":2,"name":"Startseite"}]},{"@type":"WebSite","@id":"https:\/\/www.transformit.ch\/#website","url":"https:\/\/www.transformit.ch\/","name":"transformIT AG","description":"innosolvenergy: CRM, metering et facturation pour les fournisseurs d'\u00e9nergie","publisher":{"@id":"https:\/\/www.transformit.ch\/#organization"},"potentialAction":[{"@type":"SearchAction","target":{"@type":"EntryPoint","urlTemplate":"https:\/\/www.transformit.ch\/?s={search_term_string}"},"query-input":{"@type":"PropertyValueSpecification","valueRequired":true,"valueName":"search_term_string"}}],"inLanguage":"fr-FR"},{"@type":"Organization","@id":"https:\/\/www.transformit.ch\/#organization","name":"transformIT AG","url":"https:\/\/www.transformit.ch\/","logo":{"@type":"ImageObject","inLanguage":"fr-FR","@id":"https:\/\/www.transformit.ch\/#\/schema\/logo\/image\/","url":"https:\/\/i1.wp.com\/www.transformit.ch\/wp-content\/uploads\/2019\/transformIT_Icon_512.png?fit=516%2C516&ssl=1","contentUrl":"https:\/\/i1.wp.com\/www.transformit.ch\/wp-content\/uploads\/2019\/transformIT_Icon_512.png?fit=516%2C516&ssl=1","width":516,"height":516,"caption":"transformIT AG"},"image":{"@id":"https:\/\/www.transformit.ch\/#\/schema\/logo\/image\/"}}]}},"_links":{"self":[{"href":"https:\/\/www.transformit.ch\/fr\/wp-json\/wp\/v2\/pages\/211","targetHints":{"allow":["GET"]}}],"collection":[{"href":"https:\/\/www.transformit.ch\/fr\/wp-json\/wp\/v2\/pages"}],"about":[{"href":"https:\/\/www.transformit.ch\/fr\/wp-json\/wp\/v2\/types\/page"}],"author":[{"embeddable":true,"href":"https:\/\/www.transformit.ch\/fr\/wp-json\/wp\/v2\/users\/2"}],"replies":[{"embeddable":true,"href":"https:\/\/www.transformit.ch\/fr\/wp-json\/wp\/v2\/comments?post=211"}],"version-history":[{"count":305,"href":"https:\/\/www.transformit.ch\/fr\/wp-json\/wp\/v2\/pages\/211\/revisions"}],"predecessor-version":[{"id":3516,"href":"https:\/\/www.transformit.ch\/fr\/wp-json\/wp\/v2\/pages\/211\/revisions\/3516"}],"wp:attachment":[{"href":"https:\/\/www.transformit.ch\/fr\/wp-json\/wp\/v2\/media?parent=211"}],"curies":[{"name":"wp","href":"https:\/\/api.w.org\/{rel}","templated":true}]}}