{"id":3126,"date":"2023-07-24T21:37:33","date_gmt":"2023-07-24T19:37:33","guid":{"rendered":"https:\/\/www.transformit.ch\/?page_id=3126"},"modified":"2025-01-16T08:46:23","modified_gmt":"2025-01-16T07:46:23","slug":"datenschutz","status":"publish","type":"page","link":"https:\/\/www.transformit.ch\/fr\/datenschutz\/","title":{"rendered":"Protection des donn\u00e9es"},"content":{"rendered":"<hr class=\"wp-block-separator has-alpha-channel-opacity\"\/>\n\n\n\n<p class=\"has-text-align-left\">Nous vous informons ci-apr\u00e8s sur la collecte, le traitement et l'utilisation de vos donn\u00e9es dans le cadre de l'utilisation de notre site web.<\/p>\n\n\n\n<p><strong>Collecte et traitement des donn\u00e9es<\/strong><\/p>\n\n\n\n<p>Lors de votre visite sur notre site Internet, certaines informations (par ex. adresse IP, navigateur, syst\u00e8me d'exploitation, pages visit\u00e9es, date et heure) sont automatiquement collect\u00e9es et enregistr\u00e9es dans des fichiers journaux. Ces donn\u00e9es servent exclusivement \u00e0 des fins statistiques et ne permettent pas d'\u00e9tablir un lien direct avec votre personne.<\/p>\n\n\n\n<p><strong>Utilisation de cookies<\/strong><\/p>\n\n\n\n<p>Nous utilisons des cookies pour analyser l'utilisation de notre site web et pour am\u00e9liorer notre offre. Les cookies sont de petits fichiers texte qui sont enregistr\u00e9s sur votre terminal. Vous pouvez limiter ou d\u00e9sactiver l'utilisation des cookies dans votre navigateur.<\/p>\n\n\n\n<p><strong>Cryptage SSL\/TLS<\/strong><\/p>\n\n\n\n<p>Pour prot\u00e9ger vos donn\u00e9es, nous utilisons un cryptage SSL\/TLS. Vous reconnaissez une connexion crypt\u00e9e au fait que la ligne d'adresse du navigateur commence par \u00abhttps:\/\/\u00bb et au symbole du cadenas dans la ligne de votre navigateur. Gr\u00e2ce au cryptage SSL\/TLS, les donn\u00e9es que vous nous transmettez ne peuvent pas \u00eatre lues par des tiers.<\/p>\n\n\n\n<p><strong>Lien vers Google WebFonts<\/strong><\/p>\n\n\n\n<p>Nous utilisons Google WebFonts pour les polices de caract\u00e8res uniformes. Veuillez noter que lors de l'utilisation de ces services, des donn\u00e9es peuvent \u00eatre collect\u00e9es par Google. Vous trouverez les directives de protection des donn\u00e9es de Google sur leurs sites web.<\/p>\n\n\n\n<p><strong>Droits de la personne concern\u00e9e<\/strong><\/p>\n\n\n\n<p>Vous avez le droit d'acc\u00e9der \u00e0 vos donn\u00e9es personnelles, de les rectifier, de les supprimer, de limiter leur traitement, de les transmettre et de vous y opposer. Si vous avez des questions ou des souhaits \u00e0 ce sujet, veuillez vous adresser \u00e0 notre personne de contact.<\/p>\n\n\n\n<p><strong>Personne de contact<\/strong><\/p>\n\n\n\n<p>transformIT AG est le responsable des traitements de donn\u00e9es d\u00e9crits dans la pr\u00e9sente d\u00e9claration de<br>confidentialit\u00e9 d\u00e9crites dans la d\u00e9claration de protection des donn\u00e9es. Les demandes des autorit\u00e9s de<br>surveillance et des personnes concern\u00e9es peuvent \u00eatre adress\u00e9es par e-mail ou par courrier \u00e0:<\/p>\n\n\n\n<p>transformIT AG<br>Sandro Bovino<br>Rebenackerstrasse 5<br>9546 Tuttwil<\/p>\n\n\n\n<p>datenschutz[at]transformit.ch<\/p>\n\n\n\n<p><strong>Modifications<\/strong><\/p>\n\n\n\n<p>Nous nous r\u00e9servons le droit de modifier \u00e0 tout moment la pr\u00e9sente d\u00e9claration de protection des donn\u00e9es. La version actuelle sera publi\u00e9e sur notre site web.<\/p>","protected":false},"excerpt":{"rendered":"<p>Nachfolgend informieren wir Sie \u00fcber die Erhebung, Verarbeitung und Nutzung Ihrer Daten im Rahmen der Nutzung unserer Website. Datenerhebung und -verarbeitung Bei Ihrem Besuch auf unserer Website werden automatisch bestimmte Informationen (z.B. IP-Adresse, Browser, Betriebssystem, besuchte Seiten, Datum und Uhrzeit) erfasst und in Log-Dateien gespeichert. Diese Daten dienen ausschliesslich statistischen Zwecken und erm\u00f6glichen keine direkte&hellip; <br \/> <a class=\"read-more\" href=\"https:\/\/www.transformit.ch\/fr\/datenschutz\/\">Lire la suite<\/a><\/p>","protected":false},"author":1,"featured_media":0,"parent":0,"menu_order":0,"comment_status":"closed","ping_status":"closed","template":"","meta":{"footnotes":""},"class_list":["post-3126","page","type-page","status-publish","hentry"],"yoast_head":"<!-- This site is optimized with the Yoast SEO plugin v27.3 - https:\/\/yoast.com\/product\/yoast-seo-wordpress\/ -->\n<title>Datenschutz - transformIT AG<\/title>\n<meta name=\"robots\" content=\"index, follow, max-snippet:-1, max-image-preview:large, max-video-preview:-1\" \/>\n<link rel=\"canonical\" href=\"https:\/\/www.transformit.ch\/fr\/datenschutz\/\" \/>\n<meta property=\"og:locale\" content=\"fr_FR\" \/>\n<meta property=\"og:type\" content=\"article\" \/>\n<meta property=\"og:title\" content=\"Datenschutz - transformIT AG\" \/>\n<meta property=\"og:description\" content=\"Nachfolgend informieren wir Sie \u00fcber die Erhebung, Verarbeitung und Nutzung Ihrer Daten im Rahmen der Nutzung unserer Website. Datenerhebung und -verarbeitung Bei Ihrem Besuch auf unserer Website werden automatisch bestimmte Informationen (z.B. IP-Adresse, Browser, Betriebssystem, besuchte Seiten, Datum und Uhrzeit) erfasst und in Log-Dateien gespeichert. Diese Daten dienen ausschliesslich statistischen Zwecken und erm\u00f6glichen keine direkte&hellip; Lire la suite\" \/>\n<meta property=\"og:url\" content=\"https:\/\/www.transformit.ch\/fr\/datenschutz\/\" \/>\n<meta property=\"og:site_name\" content=\"transformIT AG\" \/>\n<meta property=\"article:modified_time\" content=\"2025-01-16T07:46:23+00:00\" \/>\n<meta name=\"twitter:card\" content=\"summary_large_image\" \/>\n<meta name=\"twitter:label1\" content=\"Dur\u00e9e de lecture estim\u00e9e\" \/>\n\t<meta name=\"twitter:data1\" content=\"1 minute\" \/>\n<script type=\"application\/ld+json\" class=\"yoast-schema-graph\">{\"@context\":\"https:\\\/\\\/schema.org\",\"@graph\":[{\"@type\":\"WebPage\",\"@id\":\"https:\\\/\\\/www.transformit.ch\\\/datenschutz\\\/\",\"url\":\"https:\\\/\\\/www.transformit.ch\\\/datenschutz\\\/\",\"name\":\"Datenschutz - transformIT AG\",\"isPartOf\":{\"@id\":\"https:\\\/\\\/www.transformit.ch\\\/#website\"},\"datePublished\":\"2023-07-24T19:37:33+00:00\",\"dateModified\":\"2025-01-16T07:46:23+00:00\",\"breadcrumb\":{\"@id\":\"https:\\\/\\\/www.transformit.ch\\\/datenschutz\\\/#breadcrumb\"},\"inLanguage\":\"fr-FR\",\"potentialAction\":[{\"@type\":\"ReadAction\",\"target\":[\"https:\\\/\\\/www.transformit.ch\\\/datenschutz\\\/\"]}]},{\"@type\":\"BreadcrumbList\",\"@id\":\"https:\\\/\\\/www.transformit.ch\\\/datenschutz\\\/#breadcrumb\",\"itemListElement\":[{\"@type\":\"ListItem\",\"position\":1,\"name\":\"Home\",\"item\":\"https:\\\/\\\/www.transformit.ch\\\/\"},{\"@type\":\"ListItem\",\"position\":2,\"name\":\"Datenschutz\"}]},{\"@type\":\"WebSite\",\"@id\":\"https:\\\/\\\/www.transformit.ch\\\/#website\",\"url\":\"https:\\\/\\\/www.transformit.ch\\\/\",\"name\":\"transformIT AG\",\"description\":\"innosolvenergy: CRM, Metering und Billing f\u00fcr Energieversorger\",\"publisher\":{\"@id\":\"https:\\\/\\\/www.transformit.ch\\\/#organization\"},\"potentialAction\":[{\"@type\":\"SearchAction\",\"target\":{\"@type\":\"EntryPoint\",\"urlTemplate\":\"https:\\\/\\\/www.transformit.ch\\\/?s={search_term_string}\"},\"query-input\":{\"@type\":\"PropertyValueSpecification\",\"valueRequired\":true,\"valueName\":\"search_term_string\"}}],\"inLanguage\":\"fr-FR\"},{\"@type\":\"Organization\",\"@id\":\"https:\\\/\\\/www.transformit.ch\\\/#organization\",\"name\":\"transformIT AG\",\"url\":\"https:\\\/\\\/www.transformit.ch\\\/\",\"logo\":{\"@type\":\"ImageObject\",\"inLanguage\":\"fr-FR\",\"@id\":\"https:\\\/\\\/www.transformit.ch\\\/#\\\/schema\\\/logo\\\/image\\\/\",\"url\":\"https:\\\/\\\/i1.wp.com\\\/www.transformit.ch\\\/wp-content\\\/uploads\\\/2019\\\/transformIT_Icon_512.png?fit=516%2C516&ssl=1\",\"contentUrl\":\"https:\\\/\\\/i1.wp.com\\\/www.transformit.ch\\\/wp-content\\\/uploads\\\/2019\\\/transformIT_Icon_512.png?fit=516%2C516&ssl=1\",\"width\":516,\"height\":516,\"caption\":\"transformIT AG\"},\"image\":{\"@id\":\"https:\\\/\\\/www.transformit.ch\\\/#\\\/schema\\\/logo\\\/image\\\/\"}}]}<\/script>\n<!-- \/ Yoast SEO plugin. -->","yoast_head_json":{"title":"Datenschutz - transformIT AG","robots":{"index":"index","follow":"follow","max-snippet":"max-snippet:-1","max-image-preview":"max-image-preview:large","max-video-preview":"max-video-preview:-1"},"canonical":"https:\/\/www.transformit.ch\/fr\/datenschutz\/","og_locale":"fr_FR","og_type":"article","og_title":"Datenschutz - transformIT AG","og_description":"Nachfolgend informieren wir Sie \u00fcber die Erhebung, Verarbeitung und Nutzung Ihrer Daten im Rahmen der Nutzung unserer Website. Datenerhebung und -verarbeitung Bei Ihrem Besuch auf unserer Website werden automatisch bestimmte Informationen (z.B. IP-Adresse, Browser, Betriebssystem, besuchte Seiten, Datum und Uhrzeit) erfasst und in Log-Dateien gespeichert. Diese Daten dienen ausschliesslich statistischen Zwecken und erm\u00f6glichen keine direkte&hellip; Lire la suite","og_url":"https:\/\/www.transformit.ch\/fr\/datenschutz\/","og_site_name":"transformIT AG","article_modified_time":"2025-01-16T07:46:23+00:00","twitter_card":"summary_large_image","twitter_misc":{"Dur\u00e9e de lecture estim\u00e9e":"1 minute"},"schema":{"@context":"https:\/\/schema.org","@graph":[{"@type":"WebPage","@id":"https:\/\/www.transformit.ch\/datenschutz\/","url":"https:\/\/www.transformit.ch\/datenschutz\/","name":"Datenschutz - transformIT AG","isPartOf":{"@id":"https:\/\/www.transformit.ch\/#website"},"datePublished":"2023-07-24T19:37:33+00:00","dateModified":"2025-01-16T07:46:23+00:00","breadcrumb":{"@id":"https:\/\/www.transformit.ch\/datenschutz\/#breadcrumb"},"inLanguage":"fr-FR","potentialAction":[{"@type":"ReadAction","target":["https:\/\/www.transformit.ch\/datenschutz\/"]}]},{"@type":"BreadcrumbList","@id":"https:\/\/www.transformit.ch\/datenschutz\/#breadcrumb","itemListElement":[{"@type":"ListItem","position":1,"name":"Home","item":"https:\/\/www.transformit.ch\/"},{"@type":"ListItem","position":2,"name":"Datenschutz"}]},{"@type":"WebSite","@id":"https:\/\/www.transformit.ch\/#website","url":"https:\/\/www.transformit.ch\/","name":"transformIT AG","description":"innosolvenergy: CRM, metering et facturation pour les fournisseurs d'\u00e9nergie","publisher":{"@id":"https:\/\/www.transformit.ch\/#organization"},"potentialAction":[{"@type":"SearchAction","target":{"@type":"EntryPoint","urlTemplate":"https:\/\/www.transformit.ch\/?s={search_term_string}"},"query-input":{"@type":"PropertyValueSpecification","valueRequired":true,"valueName":"search_term_string"}}],"inLanguage":"fr-FR"},{"@type":"Organization","@id":"https:\/\/www.transformit.ch\/#organization","name":"transformIT AG","url":"https:\/\/www.transformit.ch\/","logo":{"@type":"ImageObject","inLanguage":"fr-FR","@id":"https:\/\/www.transformit.ch\/#\/schema\/logo\/image\/","url":"https:\/\/i1.wp.com\/www.transformit.ch\/wp-content\/uploads\/2019\/transformIT_Icon_512.png?fit=516%2C516&ssl=1","contentUrl":"https:\/\/i1.wp.com\/www.transformit.ch\/wp-content\/uploads\/2019\/transformIT_Icon_512.png?fit=516%2C516&ssl=1","width":516,"height":516,"caption":"transformIT AG"},"image":{"@id":"https:\/\/www.transformit.ch\/#\/schema\/logo\/image\/"}}]}},"_links":{"self":[{"href":"https:\/\/www.transformit.ch\/fr\/wp-json\/wp\/v2\/pages\/3126","targetHints":{"allow":["GET"]}}],"collection":[{"href":"https:\/\/www.transformit.ch\/fr\/wp-json\/wp\/v2\/pages"}],"about":[{"href":"https:\/\/www.transformit.ch\/fr\/wp-json\/wp\/v2\/types\/page"}],"author":[{"embeddable":true,"href":"https:\/\/www.transformit.ch\/fr\/wp-json\/wp\/v2\/users\/1"}],"replies":[{"embeddable":true,"href":"https:\/\/www.transformit.ch\/fr\/wp-json\/wp\/v2\/comments?post=3126"}],"version-history":[{"count":9,"href":"https:\/\/www.transformit.ch\/fr\/wp-json\/wp\/v2\/pages\/3126\/revisions"}],"predecessor-version":[{"id":3374,"href":"https:\/\/www.transformit.ch\/fr\/wp-json\/wp\/v2\/pages\/3126\/revisions\/3374"}],"wp:attachment":[{"href":"https:\/\/www.transformit.ch\/fr\/wp-json\/wp\/v2\/media?parent=3126"}],"curies":[{"name":"wp","href":"https:\/\/api.w.org\/{rel}","templated":true}]}}