{"id":3134,"date":"2023-07-24T21:53:59","date_gmt":"2023-07-24T19:53:59","guid":{"rendered":"https:\/\/www.transformit.ch\/?page_id=3134"},"modified":"2023-07-24T21:53:59","modified_gmt":"2023-07-24T19:53:59","slug":"impressum","status":"publish","type":"page","link":"https:\/\/www.transformit.ch\/fr\/impressum\/","title":{"rendered":"Mentions l\u00e9gales"},"content":{"rendered":"<hr class=\"wp-block-separator has-alpha-channel-opacity\"\/>\n\n\n\n<h2 class=\"wp-block-heading\" id=\"cc-m-header-10272946068\">Adresse postale<\/h2>\n\n\n\n<p>transformIT AG<br>Rebenackerstrasse 5<br>9546 Tuttwil<br>Suisse<\/p>\n\n\n\n<p>T +41 52 378 23 69<br><a href=\"mailto:info@transformit.ch\">info@transformit.ch<\/a><\/p>\n\n\n\n<p>Registre du commerce du canton de Thurgovie<br>Num\u00e9ro du registre du commerce: CH-440.3.019.923-7<br>Num\u00e9ro de TVA : CHE-113.470.344 TVA<br>UID: CHE-113.470.344<\/p>\n\n\n\n<h2 class=\"wp-block-heading\">Clause de non-responsabilit\u00e9<\/h2>\n\n\n\n<p>transformIT AG n'assume aucune garantie quant \u00e0 l'exactitude, la pr\u00e9cision, l'actualit\u00e9, la fiabilit\u00e9 et l'exhaustivit\u00e9 du contenu des informations. La soci\u00e9t\u00e9 transformIT AG ne saurait \u00eatre tenue responsable des dommages mat\u00e9riels ou immat\u00e9riels qui pourraient \u00eatre caus\u00e9s par l'acc\u00e8s aux informations diffus\u00e9es ou par leur utilisation ou non-utilisation, par le mauvais usage de la connexion ou par des probl\u00e8mes techniques. Toutes les offres sont sans engagement. transformIT se r\u00e9serve express\u00e9ment le droit de modifier, de compl\u00e9ter ou de supprimer des parties de pages ou l'ensemble de l'offre sans avis pr\u00e9alable, ou d'en suspendre temporairement ou d\u00e9finitivement la publication.<\/p>\n\n\n\n<h2 class=\"wp-block-heading\" id=\"cc-m-header-10272949468\">Responsabilit\u00e9 pour les liens<\/h2>\n\n\n\n<p>Les renvois et liens vers des sites Internet de tiers ne rel\u00e8vent pas de la responsabilit\u00e9 de transformIT AG. Toute responsabilit\u00e9 est d\u00e9clin\u00e9e pour ces sites web. L'acc\u00e8s et l'utilisation de ces sites web se font aux risques et p\u00e9rils de l'utilisateur\/utilisatrice concern\u00e9(e).<\/p>\n\n\n\n<h2 class=\"wp-block-heading\" id=\"cc-m-header-10272949868\">Droits d'auteur<\/h2>\n\n\n\n<p>Les droits d'auteur et tous les autres droits relatifs aux contenus, images, photos ou autres fichiers pr\u00e9sents sur le site Internet appartiennent exclusivement \u00e0 transformIT AG. Pour la reproduction, le transfert et la distribution de tout \u00e9l\u00e9ment sous quelque forme que ce soit, y compris l'enregistrement et l'utilisation sur des supports de donn\u00e9es optiques et \u00e9lectroniques, l'autorisation \u00e9crite doit \u00eatre obtenue au pr\u00e9alable aupr\u00e8s de transformIT AG.<\/p>","protected":false},"excerpt":{"rendered":"<p>Postanschrift transformIT AGRebenackerstrasse 59546 TuttwilSchweiz T +41 52 378 23 69info@transformit.ch Handelsregister Kanton ThurgauHandelsregister-Nummer: CH-440.3.019.923-7MwSt.-Nummer: CHE-113.470.344\u00a0MWSTUID: CHE-113.470.344 Haftungsausschluss Die transformIT AG \u00fcbernimmt keinerlei Gew\u00e4hr hinsichtlich der inhaltlichen Richtigkeit, Genauigkeit, Aktualit\u00e4t, Zuverl\u00e4ssigkeit und Vollst\u00e4ndigkeit der Informationen. Haftungsanspr\u00fcche gegen die transformIT AG wegen Sch\u00e4den materieller oder immaterieller Art, welche aus dem Zugriff oder der Nutzung bzw. Nichtnutzung&hellip; <br \/> <a class=\"read-more\" href=\"https:\/\/www.transformit.ch\/fr\/impressum\/\">Lire la suite<\/a><\/p>","protected":false},"author":1,"featured_media":0,"parent":0,"menu_order":0,"comment_status":"closed","ping_status":"closed","template":"","meta":{"footnotes":""},"class_list":["post-3134","page","type-page","status-publish","hentry"],"yoast_head":"<!-- This site is optimized with the Yoast SEO plugin v27.3 - https:\/\/yoast.com\/product\/yoast-seo-wordpress\/ -->\n<title>Impressum - transformIT AG<\/title>\n<meta name=\"robots\" content=\"index, follow, max-snippet:-1, max-image-preview:large, max-video-preview:-1\" \/>\n<link rel=\"canonical\" href=\"https:\/\/www.transformit.ch\/fr\/impressum\/\" \/>\n<meta property=\"og:locale\" content=\"fr_FR\" \/>\n<meta property=\"og:type\" content=\"article\" \/>\n<meta property=\"og:title\" content=\"Impressum - transformIT AG\" \/>\n<meta property=\"og:description\" content=\"Postanschrift transformIT AGRebenackerstrasse 59546 TuttwilSchweiz T +41 52 378 23 69info@transformit.ch Handelsregister Kanton ThurgauHandelsregister-Nummer: CH-440.3.019.923-7MwSt.-Nummer: CHE-113.470.344\u00a0MWSTUID: CHE-113.470.344 Haftungsausschluss Die transformIT AG \u00fcbernimmt keinerlei Gew\u00e4hr hinsichtlich der inhaltlichen Richtigkeit, Genauigkeit, Aktualit\u00e4t, Zuverl\u00e4ssigkeit und Vollst\u00e4ndigkeit der Informationen. Haftungsanspr\u00fcche gegen die transformIT AG wegen Sch\u00e4den materieller oder immaterieller Art, welche aus dem Zugriff oder der Nutzung bzw. Nichtnutzung&hellip; Lire la suite\" \/>\n<meta property=\"og:url\" content=\"https:\/\/www.transformit.ch\/fr\/impressum\/\" \/>\n<meta property=\"og:site_name\" content=\"transformIT AG\" \/>\n<meta name=\"twitter:card\" content=\"summary_large_image\" \/>\n<meta name=\"twitter:label1\" content=\"Dur\u00e9e de lecture estim\u00e9e\" \/>\n\t<meta name=\"twitter:data1\" content=\"1 minute\" \/>\n<script type=\"application\/ld+json\" class=\"yoast-schema-graph\">{\"@context\":\"https:\\\/\\\/schema.org\",\"@graph\":[{\"@type\":\"WebPage\",\"@id\":\"https:\\\/\\\/www.transformit.ch\\\/impressum\\\/\",\"url\":\"https:\\\/\\\/www.transformit.ch\\\/impressum\\\/\",\"name\":\"Impressum - transformIT AG\",\"isPartOf\":{\"@id\":\"https:\\\/\\\/www.transformit.ch\\\/#website\"},\"datePublished\":\"2023-07-24T19:53:59+00:00\",\"breadcrumb\":{\"@id\":\"https:\\\/\\\/www.transformit.ch\\\/impressum\\\/#breadcrumb\"},\"inLanguage\":\"fr-FR\",\"potentialAction\":[{\"@type\":\"ReadAction\",\"target\":[\"https:\\\/\\\/www.transformit.ch\\\/impressum\\\/\"]}]},{\"@type\":\"BreadcrumbList\",\"@id\":\"https:\\\/\\\/www.transformit.ch\\\/impressum\\\/#breadcrumb\",\"itemListElement\":[{\"@type\":\"ListItem\",\"position\":1,\"name\":\"Home\",\"item\":\"https:\\\/\\\/www.transformit.ch\\\/\"},{\"@type\":\"ListItem\",\"position\":2,\"name\":\"Impressum\"}]},{\"@type\":\"WebSite\",\"@id\":\"https:\\\/\\\/www.transformit.ch\\\/#website\",\"url\":\"https:\\\/\\\/www.transformit.ch\\\/\",\"name\":\"transformIT AG\",\"description\":\"innosolvenergy: CRM, Metering und Billing f\u00fcr Energieversorger\",\"publisher\":{\"@id\":\"https:\\\/\\\/www.transformit.ch\\\/#organization\"},\"potentialAction\":[{\"@type\":\"SearchAction\",\"target\":{\"@type\":\"EntryPoint\",\"urlTemplate\":\"https:\\\/\\\/www.transformit.ch\\\/?s={search_term_string}\"},\"query-input\":{\"@type\":\"PropertyValueSpecification\",\"valueRequired\":true,\"valueName\":\"search_term_string\"}}],\"inLanguage\":\"fr-FR\"},{\"@type\":\"Organization\",\"@id\":\"https:\\\/\\\/www.transformit.ch\\\/#organization\",\"name\":\"transformIT AG\",\"url\":\"https:\\\/\\\/www.transformit.ch\\\/\",\"logo\":{\"@type\":\"ImageObject\",\"inLanguage\":\"fr-FR\",\"@id\":\"https:\\\/\\\/www.transformit.ch\\\/#\\\/schema\\\/logo\\\/image\\\/\",\"url\":\"https:\\\/\\\/i1.wp.com\\\/www.transformit.ch\\\/wp-content\\\/uploads\\\/2019\\\/transformIT_Icon_512.png?fit=516%2C516&ssl=1\",\"contentUrl\":\"https:\\\/\\\/i1.wp.com\\\/www.transformit.ch\\\/wp-content\\\/uploads\\\/2019\\\/transformIT_Icon_512.png?fit=516%2C516&ssl=1\",\"width\":516,\"height\":516,\"caption\":\"transformIT AG\"},\"image\":{\"@id\":\"https:\\\/\\\/www.transformit.ch\\\/#\\\/schema\\\/logo\\\/image\\\/\"}}]}<\/script>\n<!-- \/ Yoast SEO plugin. -->","yoast_head_json":{"title":"Impressum - transformIT AG","robots":{"index":"index","follow":"follow","max-snippet":"max-snippet:-1","max-image-preview":"max-image-preview:large","max-video-preview":"max-video-preview:-1"},"canonical":"https:\/\/www.transformit.ch\/fr\/impressum\/","og_locale":"fr_FR","og_type":"article","og_title":"Impressum - transformIT AG","og_description":"Postanschrift transformIT AGRebenackerstrasse 59546 TuttwilSchweiz T +41 52 378 23 69info@transformit.ch Handelsregister Kanton ThurgauHandelsregister-Nummer: CH-440.3.019.923-7MwSt.-Nummer: CHE-113.470.344\u00a0MWSTUID: CHE-113.470.344 Haftungsausschluss Die transformIT AG \u00fcbernimmt keinerlei Gew\u00e4hr hinsichtlich der inhaltlichen Richtigkeit, Genauigkeit, Aktualit\u00e4t, Zuverl\u00e4ssigkeit und Vollst\u00e4ndigkeit der Informationen. Haftungsanspr\u00fcche gegen die transformIT AG wegen Sch\u00e4den materieller oder immaterieller Art, welche aus dem Zugriff oder der Nutzung bzw. Nichtnutzung&hellip; Lire la suite","og_url":"https:\/\/www.transformit.ch\/fr\/impressum\/","og_site_name":"transformIT AG","twitter_card":"summary_large_image","twitter_misc":{"Dur\u00e9e de lecture estim\u00e9e":"1 minute"},"schema":{"@context":"https:\/\/schema.org","@graph":[{"@type":"WebPage","@id":"https:\/\/www.transformit.ch\/impressum\/","url":"https:\/\/www.transformit.ch\/impressum\/","name":"Impressum - transformIT AG","isPartOf":{"@id":"https:\/\/www.transformit.ch\/#website"},"datePublished":"2023-07-24T19:53:59+00:00","breadcrumb":{"@id":"https:\/\/www.transformit.ch\/impressum\/#breadcrumb"},"inLanguage":"fr-FR","potentialAction":[{"@type":"ReadAction","target":["https:\/\/www.transformit.ch\/impressum\/"]}]},{"@type":"BreadcrumbList","@id":"https:\/\/www.transformit.ch\/impressum\/#breadcrumb","itemListElement":[{"@type":"ListItem","position":1,"name":"Home","item":"https:\/\/www.transformit.ch\/"},{"@type":"ListItem","position":2,"name":"Impressum"}]},{"@type":"WebSite","@id":"https:\/\/www.transformit.ch\/#website","url":"https:\/\/www.transformit.ch\/","name":"transformIT AG","description":"innosolvenergy: CRM, metering et facturation pour les fournisseurs d'\u00e9nergie","publisher":{"@id":"https:\/\/www.transformit.ch\/#organization"},"potentialAction":[{"@type":"SearchAction","target":{"@type":"EntryPoint","urlTemplate":"https:\/\/www.transformit.ch\/?s={search_term_string}"},"query-input":{"@type":"PropertyValueSpecification","valueRequired":true,"valueName":"search_term_string"}}],"inLanguage":"fr-FR"},{"@type":"Organization","@id":"https:\/\/www.transformit.ch\/#organization","name":"transformIT AG","url":"https:\/\/www.transformit.ch\/","logo":{"@type":"ImageObject","inLanguage":"fr-FR","@id":"https:\/\/www.transformit.ch\/#\/schema\/logo\/image\/","url":"https:\/\/i1.wp.com\/www.transformit.ch\/wp-content\/uploads\/2019\/transformIT_Icon_512.png?fit=516%2C516&ssl=1","contentUrl":"https:\/\/i1.wp.com\/www.transformit.ch\/wp-content\/uploads\/2019\/transformIT_Icon_512.png?fit=516%2C516&ssl=1","width":516,"height":516,"caption":"transformIT AG"},"image":{"@id":"https:\/\/www.transformit.ch\/#\/schema\/logo\/image\/"}}]}},"_links":{"self":[{"href":"https:\/\/www.transformit.ch\/fr\/wp-json\/wp\/v2\/pages\/3134","targetHints":{"allow":["GET"]}}],"collection":[{"href":"https:\/\/www.transformit.ch\/fr\/wp-json\/wp\/v2\/pages"}],"about":[{"href":"https:\/\/www.transformit.ch\/fr\/wp-json\/wp\/v2\/types\/page"}],"author":[{"embeddable":true,"href":"https:\/\/www.transformit.ch\/fr\/wp-json\/wp\/v2\/users\/1"}],"replies":[{"embeddable":true,"href":"https:\/\/www.transformit.ch\/fr\/wp-json\/wp\/v2\/comments?post=3134"}],"version-history":[{"count":2,"href":"https:\/\/www.transformit.ch\/fr\/wp-json\/wp\/v2\/pages\/3134\/revisions"}],"predecessor-version":[{"id":3136,"href":"https:\/\/www.transformit.ch\/fr\/wp-json\/wp\/v2\/pages\/3134\/revisions\/3136"}],"wp:attachment":[{"href":"https:\/\/www.transformit.ch\/fr\/wp-json\/wp\/v2\/media?parent=3134"}],"curies":[{"name":"wp","href":"https:\/\/api.w.org\/{rel}","templated":true}]}}